{"id":2304,"date":"2023-02-03T21:02:59","date_gmt":"2023-02-03T21:02:59","guid":{"rendered":"https:\/\/emporiumhotelistanbul.com\/deluxe-quadriple-room\/"},"modified":"2023-08-16T14:24:46","modified_gmt":"2023-08-16T14:24:46","slug":"deluxe-quadriple-room","status":"publish","type":"page","link":"https:\/\/emporiumhotelistanbul.com\/tr\/rooms\/deluxe-quadriple-room\/","title":{"rendered":"Deluxe D\u00f6rt Ki\u015filik Oda"},"content":{"rendered":"<section class=\"wpb-content-wrapper\"><p>[vc_row][vc_column][vc_column_text]<\/p>\n<div class=\"inner-post-wrap\">\n<h2 class=\"room-price accent-color\"><span style=\"font-size: 16px;\">\n\t\t\t<!-- START d_QUADRIPLE_room REVOLUTION SLIDER 6.6.18 --><p class=\"rs-p-wp-fix\"><\/p>\n\t\t\t<rs-module-wrap id=\"rev_slider_9_1_wrapper\" data-source=\"gallery\" style=\"visibility:hidden;background:#171717;padding:0;margin:0px auto;margin-top:0;margin-bottom:0;\">\n\t\t\t\t<rs-module id=\"rev_slider_9_1\" style=\"\" data-version=\"6.6.18\">\n\t\t\t\t\t<rs-slides style=\"overflow: hidden; position: absolute;\">\n\t\t\t\t\t\t<rs-slide style=\"position: absolute;\" data-key=\"rs-53\" data-title=\"Slide\" data-in=\"o:0;\" data-out=\"a:false;\">\n\t\t\t\t\t\t\t<img decoding=\"async\" src=\"\/\/emporiumhotelistanbul.com\/wp-content\/plugins\/revslider\/public\/assets\/assets\/dummy.png\" alt=\"Slide\" title=\"Deluxe D\u00f6rt Ki\u015filik Oda\" class=\"rev-slidebg tp-rs-img rs-lazyload\" data-lazyload=\"\/\/emporiumhotelistanbul.com\/wp-content\/plugins\/revslider\/public\/assets\/assets\/transparent.png\" data-parallax=\"off\" data-no-retina>\n<!--\n\t\t\t\t\t\t\t--><rs-layer\n\t\t\t\t\t\t\t\tid=\"slider-9-slide-53-layer-0\" \n\t\t\t\t\t\t\t\tdata-type=\"image\"\n\t\t\t\t\t\t\t\tdata-rsp_ch=\"on\"\n\t\t\t\t\t\t\t\tdata-xy=\"x:c;\"\n\t\t\t\t\t\t\t\tdata-text=\"w:normal;\"\n\t\t\t\t\t\t\t\tdata-dim=\"w:1202px;h:802px;\"\n\t\t\t\t\t\t\t\tdata-frame_999=\"o:0;st:w;\"\n\t\t\t\t\t\t\t\tstyle=\"z-index:5;\"\n\t\t\t\t\t\t\t><img decoding=\"async\" src=\"\/\/emporiumhotelistanbul.com\/wp-content\/plugins\/revslider\/public\/assets\/assets\/dummy.png\" alt=\"\" class=\"tp-rs-img rs-lazyload\" width=\"1024\" height=\"683\" data-lazyload=\"\/\/emporiumhotelistanbul.com\/wp-content\/uploads\/2023\/06\/resim1-4.jpg\" data-no-retina> \n\t\t\t\t\t\t\t<\/rs-layer><!--\n-->\t\t\t\t\t\t<\/rs-slide>\n\t\t\t\t\t\t<rs-slide style=\"position: absolute;\" data-key=\"rs-54\" data-title=\"Slide\" data-in=\"o:0;\" data-out=\"a:false;\">\n\t\t\t\t\t\t\t<img decoding=\"async\" src=\"\/\/emporiumhotelistanbul.com\/wp-content\/plugins\/revslider\/public\/assets\/assets\/dummy.png\" alt=\"Slide\" title=\"Deluxe D\u00f6rt Ki\u015filik Oda\" class=\"rev-slidebg tp-rs-img rs-lazyload\" data-lazyload=\"\/\/emporiumhotelistanbul.com\/wp-content\/plugins\/revslider\/public\/assets\/assets\/transparent.png\" data-parallax=\"off\" data-no-retina>\n<!--\n\t\t\t\t\t\t\t--><rs-layer\n\t\t\t\t\t\t\t\tid=\"slider-9-slide-54-layer-1\" \n\t\t\t\t\t\t\t\tdata-type=\"image\"\n\t\t\t\t\t\t\t\tdata-rsp_ch=\"on\"\n\t\t\t\t\t\t\t\tdata-xy=\"x:c;\"\n\t\t\t\t\t\t\t\tdata-text=\"w:normal;\"\n\t\t\t\t\t\t\t\tdata-dim=\"w:1193px;h:796px;\"\n\t\t\t\t\t\t\t\tdata-frame_999=\"o:0;st:w;\"\n\t\t\t\t\t\t\t\tstyle=\"z-index:5;\"\n\t\t\t\t\t\t\t><img decoding=\"async\" src=\"\/\/emporiumhotelistanbul.com\/wp-content\/plugins\/revslider\/public\/assets\/assets\/dummy.png\" alt=\"\" class=\"tp-rs-img rs-lazyload\" width=\"1024\" height=\"683\" data-lazyload=\"\/\/emporiumhotelistanbul.com\/wp-content\/uploads\/2023\/06\/resim2-3.jpg\" data-no-retina> \n\t\t\t\t\t\t\t<\/rs-layer><!--\n-->\t\t\t\t\t\t<\/rs-slide>\n\t\t\t\t\t\t<rs-slide style=\"position: absolute;\" data-key=\"rs-57\" data-title=\"Slide\" data-in=\"o:0;\" data-out=\"a:false;\">\n\t\t\t\t\t\t\t<img decoding=\"async\" src=\"\/\/emporiumhotelistanbul.com\/wp-content\/plugins\/revslider\/public\/assets\/assets\/dummy.png\" alt=\"Slide\" title=\"Deluxe D\u00f6rt Ki\u015filik Oda\" class=\"rev-slidebg tp-rs-img rs-lazyload\" data-lazyload=\"\/\/emporiumhotelistanbul.com\/wp-content\/plugins\/revslider\/public\/assets\/assets\/transparent.png\" data-parallax=\"off\" data-no-retina>\n<!--\n\t\t\t\t\t\t\t--><rs-layer\n\t\t\t\t\t\t\t\tid=\"slider-9-slide-57-layer-3\" \n\t\t\t\t\t\t\t\tdata-type=\"image\"\n\t\t\t\t\t\t\t\tdata-rsp_ch=\"on\"\n\t\t\t\t\t\t\t\tdata-xy=\"x:c;\"\n\t\t\t\t\t\t\t\tdata-text=\"w:normal;\"\n\t\t\t\t\t\t\t\tdata-dim=\"w:1178px;h:786px;\"\n\t\t\t\t\t\t\t\tdata-frame_999=\"o:0;st:w;\"\n\t\t\t\t\t\t\t\tstyle=\"z-index:5;\"\n\t\t\t\t\t\t\t><img decoding=\"async\" src=\"\/\/emporiumhotelistanbul.com\/wp-content\/plugins\/revslider\/public\/assets\/assets\/dummy.png\" alt=\"\" class=\"tp-rs-img rs-lazyload\" width=\"1024\" height=\"683\" data-lazyload=\"\/\/emporiumhotelistanbul.com\/wp-content\/uploads\/2023\/06\/resim3-3.jpg\" data-no-retina> \n\t\t\t\t\t\t\t<\/rs-layer><!--\n-->\t\t\t\t\t\t<\/rs-slide>\n\t\t\t\t\t\t<rs-slide style=\"position: absolute;\" data-key=\"rs-55\" data-title=\"Slide\" data-in=\"o:0;\" data-out=\"a:false;\">\n\t\t\t\t\t\t\t<img decoding=\"async\" src=\"\/\/emporiumhotelistanbul.com\/wp-content\/plugins\/revslider\/public\/assets\/assets\/dummy.png\" alt=\"Slide\" title=\"Deluxe D\u00f6rt Ki\u015filik Oda\" class=\"rev-slidebg tp-rs-img rs-lazyload\" data-lazyload=\"\/\/emporiumhotelistanbul.com\/wp-content\/plugins\/revslider\/public\/assets\/assets\/transparent.png\" data-parallax=\"off\" data-no-retina>\n<!--\n\t\t\t\t\t\t\t--><rs-layer\n\t\t\t\t\t\t\t\tid=\"slider-9-slide-55-layer-4\" \n\t\t\t\t\t\t\t\tdata-type=\"image\"\n\t\t\t\t\t\t\t\tdata-rsp_ch=\"on\"\n\t\t\t\t\t\t\t\tdata-xy=\"x:c;\"\n\t\t\t\t\t\t\t\tdata-text=\"w:normal;\"\n\t\t\t\t\t\t\t\tdata-dim=\"w:1194px;h:796px;\"\n\t\t\t\t\t\t\t\tdata-frame_999=\"o:0;st:w;\"\n\t\t\t\t\t\t\t\tstyle=\"z-index:5;\"\n\t\t\t\t\t\t\t><img decoding=\"async\" src=\"\/\/emporiumhotelistanbul.com\/wp-content\/plugins\/revslider\/public\/assets\/assets\/dummy.png\" alt=\"\" class=\"tp-rs-img rs-lazyload\" width=\"1024\" height=\"683\" data-lazyload=\"\/\/emporiumhotelistanbul.com\/wp-content\/uploads\/2023\/06\/resim4-3.jpg\" data-no-retina> \n\t\t\t\t\t\t\t<\/rs-layer><!--\n-->\t\t\t\t\t\t<\/rs-slide>\n\t\t\t\t\t\t<rs-slide style=\"position: absolute;\" data-key=\"rs-56\" data-title=\"Slide\" data-in=\"o:0;\" data-out=\"a:false;\">\n\t\t\t\t\t\t\t<img decoding=\"async\" src=\"\/\/emporiumhotelistanbul.com\/wp-content\/plugins\/revslider\/public\/assets\/assets\/dummy.png\" alt=\"Slide\" title=\"Deluxe D\u00f6rt Ki\u015filik Oda\" class=\"rev-slidebg tp-rs-img rs-lazyload\" data-lazyload=\"\/\/emporiumhotelistanbul.com\/wp-content\/plugins\/revslider\/public\/assets\/assets\/transparent.png\" data-parallax=\"off\" data-no-retina>\n<!--\n\t\t\t\t\t\t\t--><rs-layer\n\t\t\t\t\t\t\t\tid=\"slider-9-slide-56-layer-5\" \n\t\t\t\t\t\t\t\tdata-type=\"image\"\n\t\t\t\t\t\t\t\tdata-rsp_ch=\"on\"\n\t\t\t\t\t\t\t\tdata-xy=\"x:-16px;y:9px;\"\n\t\t\t\t\t\t\t\tdata-text=\"w:normal;\"\n\t\t\t\t\t\t\t\tdata-dim=\"w:1203px;h:802px;\"\n\t\t\t\t\t\t\t\tdata-frame_999=\"o:0;st:w;\"\n\t\t\t\t\t\t\t\tstyle=\"z-index:5;\"\n\t\t\t\t\t\t\t><img decoding=\"async\" src=\"\/\/emporiumhotelistanbul.com\/wp-content\/plugins\/revslider\/public\/assets\/assets\/dummy.png\" alt=\"\" class=\"tp-rs-img rs-lazyload\" width=\"1024\" height=\"683\" data-lazyload=\"\/\/emporiumhotelistanbul.com\/wp-content\/uploads\/2023\/06\/resim5-3.jpg\" data-no-retina> \n\t\t\t\t\t\t\t<\/rs-layer><!--\n-->\t\t\t\t\t\t<\/rs-slide>\n\t\t\t\t\t\t<rs-slide style=\"position: absolute;\" data-key=\"rs-52\" data-title=\"Slide\" data-in=\"o:0;\" data-out=\"a:false;\">\n\t\t\t\t\t\t\t<img decoding=\"async\" src=\"\/\/emporiumhotelistanbul.com\/wp-content\/plugins\/revslider\/public\/assets\/assets\/dummy.png\" alt=\"Slide\" title=\"Deluxe D\u00f6rt Ki\u015filik Oda\" class=\"rev-slidebg tp-rs-img rs-lazyload\" data-lazyload=\"\/\/emporiumhotelistanbul.com\/wp-content\/plugins\/revslider\/public\/assets\/assets\/transparent.png\" data-parallax=\"off\" data-no-retina>\n<!--\n\t\t\t\t\t\t\t--><rs-layer\n\t\t\t\t\t\t\t\tid=\"slider-9-slide-52-layer-6\" \n\t\t\t\t\t\t\t\tdata-type=\"image\"\n\t\t\t\t\t\t\t\tdata-rsp_ch=\"on\"\n\t\t\t\t\t\t\t\tdata-xy=\"x:c;y:-3px;\"\n\t\t\t\t\t\t\t\tdata-text=\"w:normal;\"\n\t\t\t\t\t\t\t\tdata-dim=\"w:1196px;h:798px;\"\n\t\t\t\t\t\t\t\tdata-frame_999=\"o:0;st:w;\"\n\t\t\t\t\t\t\t\tstyle=\"z-index:5;\"\n\t\t\t\t\t\t\t><img decoding=\"async\" src=\"\/\/emporiumhotelistanbul.com\/wp-content\/plugins\/revslider\/public\/assets\/assets\/dummy.png\" alt=\"\" class=\"tp-rs-img rs-lazyload\" width=\"1024\" height=\"683\" data-lazyload=\"\/\/emporiumhotelistanbul.com\/wp-content\/uploads\/2023\/06\/resim6.jpg\" data-no-retina> \n\t\t\t\t\t\t\t<\/rs-layer><!--\n-->\t\t\t\t\t\t<\/rs-slide>\n\t\t\t\t\t\t<rs-slide style=\"position: absolute;\" data-key=\"rs-58\" data-title=\"Slide\" data-in=\"o:0;\" data-out=\"a:false;\">\n\t\t\t\t\t\t\t<img decoding=\"async\" src=\"\/\/emporiumhotelistanbul.com\/wp-content\/plugins\/revslider\/public\/assets\/assets\/dummy.png\" alt=\"Slide\" title=\"Deluxe D\u00f6rt Ki\u015filik Oda\" class=\"rev-slidebg tp-rs-img rs-lazyload\" data-lazyload=\"\/\/emporiumhotelistanbul.com\/wp-content\/plugins\/revslider\/public\/assets\/assets\/transparent.png\" data-parallax=\"off\" data-no-retina>\n<!--\n\t\t\t\t\t\t\t--><rs-layer\n\t\t\t\t\t\t\t\tid=\"slider-9-slide-58-layer-15\" \n\t\t\t\t\t\t\t\tdata-type=\"image\"\n\t\t\t\t\t\t\t\tdata-rsp_ch=\"on\"\n\t\t\t\t\t\t\t\tdata-xy=\"x:c;\"\n\t\t\t\t\t\t\t\tdata-text=\"w:normal;\"\n\t\t\t\t\t\t\t\tdata-dim=\"w:513px;h:768px;\"\n\t\t\t\t\t\t\t\tdata-frame_999=\"o:0;st:w;\"\n\t\t\t\t\t\t\t\tstyle=\"z-index:5;\"\n\t\t\t\t\t\t\t><img decoding=\"async\" src=\"\/\/emporiumhotelistanbul.com\/wp-content\/plugins\/revslider\/public\/assets\/assets\/dummy.png\" alt=\"\" class=\"tp-rs-img rs-lazyload\" width=\"513\" height=\"768\" data-lazyload=\"\/\/emporiumhotelistanbul.com\/wp-content\/uploads\/2023\/06\/resim5-2.jpg\" data-no-retina> \n\t\t\t\t\t\t\t<\/rs-layer><!--\n-->\t\t\t\t\t\t<\/rs-slide>\n\t\t\t\t\t\t<rs-slide style=\"position: absolute;\" data-key=\"rs-59\" data-title=\"Slide\" data-in=\"o:0;\" data-out=\"a:false;\">\n\t\t\t\t\t\t\t<img decoding=\"async\" src=\"\/\/emporiumhotelistanbul.com\/wp-content\/plugins\/revslider\/public\/assets\/assets\/dummy.png\" alt=\"Slide\" title=\"Deluxe D\u00f6rt Ki\u015filik Oda\" class=\"rev-slidebg tp-rs-img rs-lazyload\" data-lazyload=\"\/\/emporiumhotelistanbul.com\/wp-content\/plugins\/revslider\/public\/assets\/assets\/transparent.png\" data-parallax=\"off\" data-no-retina>\n<!--\n\t\t\t\t\t\t\t--><rs-layer\n\t\t\t\t\t\t\t\tid=\"slider-9-slide-59-layer-16\" \n\t\t\t\t\t\t\t\tdata-type=\"image\"\n\t\t\t\t\t\t\t\tdata-rsp_ch=\"on\"\n\t\t\t\t\t\t\t\tdata-xy=\"x:c;\"\n\t\t\t\t\t\t\t\tdata-text=\"w:normal;\"\n\t\t\t\t\t\t\t\tdata-dim=\"w:1206px;h:804px;\"\n\t\t\t\t\t\t\t\tdata-frame_999=\"o:0;st:w;\"\n\t\t\t\t\t\t\t\tstyle=\"z-index:5;\"\n\t\t\t\t\t\t\t><img decoding=\"async\" src=\"\/\/emporiumhotelistanbul.com\/wp-content\/plugins\/revslider\/public\/assets\/assets\/dummy.png\" alt=\"\" class=\"tp-rs-img rs-lazyload\" width=\"1024\" height=\"683\" data-lazyload=\"\/\/emporiumhotelistanbul.com\/wp-content\/uploads\/2023\/06\/resim8.jpg\" data-no-retina> \n\t\t\t\t\t\t\t<\/rs-layer><!--\n-->\t\t\t\t\t\t<\/rs-slide>\n\t\t\t\t\t\t<rs-slide style=\"position: absolute;\" data-key=\"rs-60\" data-title=\"Slide\" data-in=\"o:0;\" data-out=\"a:false;\">\n\t\t\t\t\t\t\t<img decoding=\"async\" src=\"\/\/emporiumhotelistanbul.com\/wp-content\/plugins\/revslider\/public\/assets\/assets\/dummy.png\" alt=\"Slide\" title=\"Deluxe D\u00f6rt Ki\u015filik Oda\" class=\"rev-slidebg tp-rs-img rs-lazyload\" data-lazyload=\"\/\/emporiumhotelistanbul.com\/wp-content\/plugins\/revslider\/public\/assets\/assets\/transparent.png\" data-parallax=\"off\" data-no-retina>\n<!--\n\t\t\t\t\t\t\t--><rs-layer\n\t\t\t\t\t\t\t\tid=\"slider-9-slide-60-layer-14\" \n\t\t\t\t\t\t\t\tdata-type=\"image\"\n\t\t\t\t\t\t\t\tdata-rsp_ch=\"on\"\n\t\t\t\t\t\t\t\tdata-xy=\"x:c;\"\n\t\t\t\t\t\t\t\tdata-text=\"w:normal;\"\n\t\t\t\t\t\t\t\tdata-dim=\"w:1189px;h:839px;\"\n\t\t\t\t\t\t\t\tdata-frame_999=\"o:0;st:w;\"\n\t\t\t\t\t\t\t\tstyle=\"z-index:5;\"\n\t\t\t\t\t\t\t><img decoding=\"async\" src=\"\/\/emporiumhotelistanbul.com\/wp-content\/plugins\/revslider\/public\/assets\/assets\/dummy.png\" alt=\"\" class=\"tp-rs-img rs-lazyload\" width=\"1024\" height=\"723\" data-lazyload=\"\/\/emporiumhotelistanbul.com\/wp-content\/uploads\/2023\/06\/resim9.jpg\" data-no-retina> \n\t\t\t\t\t\t\t<\/rs-layer><!--\n-->\t\t\t\t\t\t<\/rs-slide>\n\t\t\t\t\t<\/rs-slides>\n\t\t\t\t<\/rs-module>\n\t\t\t\t<script>\n\t\t\t\t\tsetREVStartSize({c: 'rev_slider_9_1',rl:[1240,1024,778,480],el:[650],gw:[1170],gh:[650],type:'standard',justify:'',layout:'fullwidth',mh:\"0\"});if (window.RS_MODULES!==undefined && window.RS_MODULES.modules!==undefined && window.RS_MODULES.modules[\"revslider91\"]!==undefined) {window.RS_MODULES.modules[\"revslider91\"].once = false;window.revapi9 = undefined;if (window.RS_MODULES.checkMinimal!==undefined) window.RS_MODULES.checkMinimal()}\n\t\t\t\t<\/script>\n\t\t\t<\/rs-module-wrap>\n\t\t\t<!-- END REVOLUTION SLIDER -->\n<\/span><\/h2>\n<\/div>\n<p>[\/vc_column_text][vc_column_text]B\u00fcy\u00fcleyici tarihi \u00e7ar\u015f\u0131n\u0131n i\u00e7inde yer alan ve ger\u00e7ekten e\u015fsiz bir deneyim sunan otelimizi ke\u015ffedin. Hareketli \u015fehir merkezinde yer alan otelimiz, kendini en y\u00fcksek kalitede ola\u011fan\u00fcst\u00fc hizmet sunmaya adam\u0131\u015ft\u0131r. Her k\u00f6\u015fesi bir hikaye anlatan tarihi konumumuzun b\u00fcy\u00fcleyici atmosferine kendinizi b\u0131rak\u0131n. Rahat ula\u015f\u0131m se\u00e7enekleriyle \u015fehri ke\u015ffetmek \u00e7ocuk oyunca\u011f\u0131. En \u00fcst d\u00fczeyde konforunuz ve rahat\u0131n\u0131z i\u00e7in tasarlanm\u0131\u015f, iyi d\u00f6\u015fenmi\u015f odalar\u0131m\u0131za ad\u0131m at\u0131n. Modern rahatl\u0131k ve zamans\u0131z cazibenin m\u00fckemmel kar\u0131\u015f\u0131m\u0131n\u0131 deneyimleyin. \u0130ster i\u015f ister tatil i\u00e7in burada olun, otelimiz benzersiz bir konaklama sunarak \u015fehrin kalbinde unutulmaz ve tatmin edici bir deneyim ya\u015faman\u0131z\u0131 sa\u011flar.[\/vc_column_text][vc_btn title=&#8221;REZERVASYON YAP&#8221; style=&#8221;3d&#8221; shape=&#8221;round&#8221; size=&#8221;lg&#8221; align=&#8221;center&#8221; i_icon_fontawesome=&#8221;fas fa-arrow-circle-right&#8221; button_block=&#8221;true&#8221; add_icon=&#8221;true&#8221; link=&#8221;url:https%3A%2F%2Femporiumhotelistanbul.istbooking.com%2Fen-US%3Fsr%3D1%26ng%3D%26ro%3D%26ad%3D%26ci%3D|target:_blank&#8221;][\/vc_column][\/vc_row][vc_row][vc_column width=&#8221;2\/3&#8243;][vc_column_text]<\/p>\n<h3>Oda Servisi<\/h3>\n<p>[\/vc_column_text][vc_row_inner][vc_column_inner width=&#8221;1\/2&#8243;][vc_column_text]<img loading=\"lazy\" decoding=\"async\" class=\"alignnone size-full wp-image-4904\" src=\"https:\/\/emporiumhotelistanbul.com\/wp-content\/uploads\/2023\/06\/food-service.png\" alt=\"\" width=\"24\" height=\"24\">&nbsp; Oda Servisi<\/p>\n<hr>\n<p><img loading=\"lazy\" decoding=\"async\" class=\"alignnone size-full wp-image-4903\" src=\"https:\/\/emporiumhotelistanbul.com\/wp-content\/uploads\/2023\/06\/hairdryer-1.png\" alt=\"\" width=\"24\" height=\"24\">&nbsp; Sa\u00e7 Kurutma Makinesi<\/p>\n<hr>\n<p><img loading=\"lazy\" decoding=\"async\" class=\"alignnone size-full wp-image-4905\" src=\"https:\/\/emporiumhotelistanbul.com\/wp-content\/uploads\/2023\/06\/watch-tv.png\" alt=\"\" width=\"24\" height=\"24\">&nbsp; SMART TV<\/p>\n<hr>\n<p><img loading=\"lazy\" decoding=\"async\" class=\"alignnone size-full wp-image-4906\" src=\"https:\/\/emporiumhotelistanbul.com\/wp-content\/uploads\/2023\/06\/shower.png\" alt=\"\" width=\"24\" height=\"24\">&nbsp; \u00d6zel Banyo &amp; Tuvalet<\/p>\n<hr>\n<p><img loading=\"lazy\" decoding=\"async\" class=\"alignnone size-full wp-image-4907\" src=\"https:\/\/emporiumhotelistanbul.com\/wp-content\/uploads\/2023\/06\/cot.png\" alt=\"\" width=\"24\" height=\"24\">&nbsp; Bebek Karyolas\u0131 M\u00fcmk\u00fcn<\/p>\n<hr>\n<p><img loading=\"lazy\" decoding=\"async\" class=\"alignnone size-full wp-image-4908\" src=\"https:\/\/emporiumhotelistanbul.com\/wp-content\/uploads\/2023\/06\/washing-machine.png\" alt=\"\" width=\"24\" height=\"24\">&nbsp; \u00c7ama\u015f\u0131rhane Hizmeti<\/p>\n<hr>\n<p><img loading=\"lazy\" decoding=\"async\" class=\"alignnone size-full wp-image-4909\" src=\"https:\/\/emporiumhotelistanbul.com\/wp-content\/uploads\/2023\/06\/minibar.png\" alt=\"\" width=\"24\" height=\"24\">&nbsp; Mini Bar<\/p>\n<hr>\n<p><img loading=\"lazy\" decoding=\"async\" class=\"alignnone size-full wp-image-4910\" src=\"https:\/\/emporiumhotelistanbul.com\/wp-content\/uploads\/2023\/06\/satellite.png\" alt=\"\" width=\"24\" height=\"24\">&nbsp; Uydu Kanallar\u0131<\/p>\n<hr>\n<p>[\/vc_column_text][\/vc_column_inner][vc_column_inner width=&#8221;1\/2&#8243;][vc_column_text]<img loading=\"lazy\" decoding=\"async\" class=\"alignnone size-full wp-image-4911\" src=\"https:\/\/emporiumhotelistanbul.com\/wp-content\/uploads\/2023\/06\/wifi.png\" alt=\"\" width=\"24\" height=\"24\">&nbsp; \u00dccretsiz Wi-Fi<\/p>\n<hr>\n<p><img loading=\"lazy\" decoding=\"async\" class=\"alignnone size-full wp-image-4912\" src=\"https:\/\/emporiumhotelistanbul.com\/wp-content\/uploads\/2023\/06\/slipper.png\" alt=\"\" width=\"24\" height=\"24\">&nbsp; Terlik<\/p>\n<hr>\n<p><img loading=\"lazy\" decoding=\"async\" class=\"alignnone size-full wp-image-4913\" src=\"https:\/\/emporiumhotelistanbul.com\/wp-content\/uploads\/2023\/06\/tea-cup.png\" alt=\"\" width=\"24\" height=\"24\">&nbsp; \u00dccretsiz \u00c7ay &amp; Kahve<\/p>\n<hr>\n<p><img loading=\"lazy\" decoding=\"async\" class=\"alignnone size-full wp-image-4921\" src=\"https:\/\/emporiumhotelistanbul.com\/wp-content\/uploads\/2023\/06\/water.png\" alt=\"\" width=\"24\" height=\"24\">&nbsp; \u00dccretsiz \u015ei\u015fe Su<\/p>\n<hr>\n<p><img loading=\"lazy\" decoding=\"async\" class=\"alignnone size-full wp-image-4914\" src=\"https:\/\/emporiumhotelistanbul.com\/wp-content\/uploads\/2023\/06\/air-conditioner.png\" alt=\"\" width=\"24\" height=\"24\">&nbsp; Klima<\/p>\n<hr>\n<p><img loading=\"lazy\" decoding=\"async\" class=\"alignnone size-full wp-image-4915\" src=\"https:\/\/emporiumhotelistanbul.com\/wp-content\/uploads\/2023\/06\/safe-box.png\" alt=\"\" width=\"24\" height=\"24\">&nbsp; Odada Kasa<\/p>\n<hr>\n<p><img loading=\"lazy\" decoding=\"async\" class=\"alignnone size-full wp-image-4916\" src=\"https:\/\/emporiumhotelistanbul.com\/wp-content\/uploads\/2023\/06\/old-typical-phone.png\" alt=\"\" width=\"24\" height=\"24\">&nbsp; Do\u011frudan Arama Telefonu<\/p>\n<hr>\n<p><img loading=\"lazy\" decoding=\"async\" class=\"alignnone size-full wp-image-4918\" src=\"https:\/\/emporiumhotelistanbul.com\/wp-content\/uploads\/2023\/06\/kettle-1.png\" alt=\"\" width=\"24\" height=\"24\">&nbsp; Kettle<\/p>\n<hr>\n<p>[\/vc_column_text][\/vc_column_inner][\/vc_row_inner][vc_separator][\/vc_column][vc_column width=&#8221;1\/3&#8243;][vc_column_text]<\/p>\n<h3>Oda Kurallar\u0131<\/h3>\n<p>[\/vc_column_text][vc_column_text]\u2013 Check-in: 14:00<br \/>\n\u2013 Check-out: 12:00<br \/>\n\u2013 Evcil hayvanlara izin verilmez<\/p>\n<p><img loading=\"lazy\" decoding=\"async\" class=\"alignnone size-full wp-image-4920\" src=\"https:\/\/emporiumhotelistanbul.com\/wp-content\/uploads\/2023\/06\/no-smoking.png\" alt=\"\" width=\"24\" height=\"24\">&nbsp; Sigara \u0130\u00e7ilmesine \u0130zin Verilmez[\/vc_column_text][\/vc_column][\/vc_row]<\/p>\n<\/section>","protected":false},"excerpt":{"rendered":"<p>[vc_row][vc_column][vc_column_text] [\/vc_column_text][vc_column_text]B\u00fcy\u00fcleyici tarihi \u00e7ar\u015f\u0131n\u0131n i\u00e7inde yer alan ve ger\u00e7ekten e\u015fsiz bir deneyim sunan otelimizi ke\u015ffedin. Hareketli \u015fehir merkezinde yer alan otelimiz, &#8230;<\/p>\n","protected":false},"author":1,"featured_media":0,"parent":2315,"menu_order":6,"comment_status":"closed","ping_status":"closed","template":"","meta":{"ngg_post_thumbnail":0,"footnotes":""},"class_list":["post-2304","page","type-page","status-publish","hentry"],"aioseo_notices":[],"_links":{"self":[{"href":"https:\/\/emporiumhotelistanbul.com\/tr\/wp-json\/wp\/v2\/pages\/2304","targetHints":{"allow":["GET"]}}],"collection":[{"href":"https:\/\/emporiumhotelistanbul.com\/tr\/wp-json\/wp\/v2\/pages"}],"about":[{"href":"https:\/\/emporiumhotelistanbul.com\/tr\/wp-json\/wp\/v2\/types\/page"}],"author":[{"embeddable":true,"href":"https:\/\/emporiumhotelistanbul.com\/tr\/wp-json\/wp\/v2\/users\/1"}],"replies":[{"embeddable":true,"href":"https:\/\/emporiumhotelistanbul.com\/tr\/wp-json\/wp\/v2\/comments?post=2304"}],"version-history":[{"count":2,"href":"https:\/\/emporiumhotelistanbul.com\/tr\/wp-json\/wp\/v2\/pages\/2304\/revisions"}],"predecessor-version":[{"id":2310,"href":"https:\/\/emporiumhotelistanbul.com\/tr\/wp-json\/wp\/v2\/pages\/2304\/revisions\/2310"}],"up":[{"embeddable":true,"href":"https:\/\/emporiumhotelistanbul.com\/tr\/wp-json\/wp\/v2\/pages\/2315"}],"wp:attachment":[{"href":"https:\/\/emporiumhotelistanbul.com\/tr\/wp-json\/wp\/v2\/media?parent=2304"}],"curies":[{"name":"wp","href":"https:\/\/api.w.org\/{rel}","templated":true}]}}