{"id":1643,"date":"2023-02-03T20:55:58","date_gmt":"2023-02-03T20:55:58","guid":{"rendered":"https:\/\/emporiumhotelistanbul.com\/about-us\/"},"modified":"2023-10-20T05:49:36","modified_gmt":"2023-10-20T05:49:36","slug":"about-us","status":"publish","type":"page","link":"https:\/\/emporiumhotelistanbul.com\/tr\/about-us\/","title":{"rendered":"Hakk\u0131m\u0131zda"},"content":{"rendered":"<section class=\"wpb-content-wrapper\"><p>[vc_row][vc_column][vc_column_text]<\/p>\n<h4><strong>\u0130stedi\u011finiz Yere Gidin, Emporium Hotel \u0130stanbul&#8217;da Kal\u0131n<\/strong><\/h4>\n<p>Eski Kent&#8217;in nefes kesici panoramik manzaras\u0131na sahip, canl\u0131 bir kent tarihinin kalbinde stratejik bir konuma sahip se\u00e7kin otelimize ho\u015f geldiniz. B\u00fcy\u00fcleyici sokaklar\u0131 ke\u015ffederken kendinizi zengin k\u00fclt\u00fcrel mirasa b\u0131rak\u0131n ve hepsi kap\u0131m\u0131zdan y\u00fcr\u00fcme mesafesinde olan b\u00fcy\u00fcleyici tarihi an\u0131tlar\u0131n tad\u0131n\u0131 \u00e7\u0131kar\u0131n. Atat\u00fcrk Havaliman\u0131&#8217;na sadece 15 kilometre uzakl\u0131kta olman\u0131n sa\u011flad\u0131\u011f\u0131 ek rahatl\u0131kla otelimiz hem tatil hem de i\u015f ama\u00e7l\u0131 seyahat edenler i\u00e7in m\u00fckemmel bir \u00fcs sunmaktad\u0131r.<\/p>\n<p>Unutulmaz Bir Konaklama i\u00e7in L\u00fcks Konaklama<\/p>\n<p>Her t\u00fcrl\u00fc ihtiyac\u0131n\u0131z\u0131 kar\u015f\u0131lamak \u00fczere tasarlanm\u0131\u015f, g\u00fczel d\u00f6\u015fenmi\u015f 32 oda sunmaktan gurur duyuyoruz. Choose from a variety of options to suit your preferences and group size. Oda se\u00e7eneklerimiz \u015funlar\u0131 i\u00e7erir:<\/p>\n<p>Standart Tek Ki\u015filik Oda (20 m\u00b2)<br \/>\nStandart \u0130ki Yatakl\u0131 veya \u00c7ift Ki\u015filik (22 m\u00b2)<br \/>\nDeluxe Tek Ki\u015filik Oda (28 m\u00b2)<br \/>\nDeluxe \u0130ki Yatakl\u0131 veya \u00c7ift Ki\u015filik (30 m\u00b2)<br \/>\nDeluxe Triples (32 m\u00b2)<br \/>\nDeluxe Quadriples (40 m\u00b2)<br \/>\nHer oda konforunuz d\u00fc\u015f\u00fcn\u00fclerek titizlikle tasarlanm\u0131\u015f ve modern i\u015f olanaklar\u0131yla donat\u0131lm\u0131\u015ft\u0131r. Y\u00fcksek h\u0131zl\u0131 geni\u015f bant internet eri\u015fiminin keyfini \u00e7\u0131kar\u0131n, l\u00fcks banyo olanaklar\u0131ndan yararlan\u0131n ve de\u011ferli e\u015fyalar\u0131n\u0131z\u0131 oda i\u00e7i kasa ile g\u00fcvende tutun. Son teknoloji ileti\u015fim ve e\u011flence olanaklar\u0131m\u0131z, konaklaman\u0131z boyunca ba\u011flant\u0131da kalman\u0131z\u0131 ve e\u011flenmenizi sa\u011flar.<\/p>\n<p>Enfes Yemek Deneyimleri<\/p>\n<p>Emporium&#8217;un kahvalt\u0131 salonunda g\u00fcne keyifli bir ba\u015flang\u0131\u00e7 yap\u0131n; burada sizi i\u015ftah a\u00e7\u0131c\u0131 bir a\u00e7\u0131k b\u00fcfe bekliyor. Geleneksel T\u00fcrk kahvalt\u0131s\u0131 ve damak zevkinize g\u00f6re \u00f6zenle se\u00e7ilmi\u015f \u00e7ok \u00e7e\u015fitli leziz se\u00e7eneklerle kendinizi \u015f\u0131mart\u0131n. Siz de\u011ferli misafirlerimiz i\u00e7in huzurlu ve sakin bir atmosfer sa\u011flayan otelimizde alkoll\u00fc i\u00e7ecek sat\u0131\u015f\u0131 yap\u0131lmad\u0131\u011f\u0131n\u0131 l\u00fctfen unutmay\u0131n.<\/p>\n<p>Unutulmaz Etkinlikler ve Bulu\u015fmalar<\/p>\n<p>Emporium Hotel&#8217;de toplant\u0131 ve konferans olanaklar\u0131 sunmuyor olsak da, rahatlama ve gen\u00e7le\u015fmeyi te\u015fvik eden bir ortam yaratma konusunda m\u00fckemmeliz. \u0130ster sakin bir ka\u00e7\u0131\u015f ar\u0131yor ister \u00e7evremizdeki tarihi harikalar\u0131 ke\u015ffetmek istiyor olun, \u00f6zel personelimiz konaklaman\u0131z\u0131 ger\u00e7ekten ola\u011fan\u00fcst\u00fc k\u0131lmak i\u00e7in her t\u00fcrl\u00fc sorunuz veya \u00f6neriniz konusunda size yard\u0131mc\u0131 olmaya her zaman haz\u0131rd\u0131r.<\/p>\n<p>Kentsel \u0130nzivan\u0131z i\u00e7in Bug\u00fcn Rezervasyon Yapt\u0131r\u0131n<\/p>\n<p>S\u0131radanl\u0131ktan uzakla\u015f\u0131n ve se\u00e7kin otelimizde kendinizi zarafet ve konfor dolu bir d\u00fcnyaya b\u0131rak\u0131n. B\u00fcy\u00fcleyici Eski \u015eehir&#8217;i ke\u015ffederken \u00e7a\u011fda\u015f l\u00fcks ve tarihi cazibenin m\u00fckemmel kar\u0131\u015f\u0131m\u0131n\u0131 deneyimleyin. Konaklaman\u0131z i\u00e7in bug\u00fcn rezervasyon yapt\u0131r\u0131n ve size y\u0131llarca unutamayaca\u011f\u0131n\u0131z an\u0131lar b\u0131rakacak unutulmaz bir deneyim sunmam\u0131za izin verin.[\/vc_column_text][\/vc_column][\/vc_row]<\/p>\n<\/section>","protected":false},"excerpt":{"rendered":"<p>[vc_row][vc_column][vc_column_text] \u0130stedi\u011finiz Yere Gidin, Emporium Hotel \u0130stanbul&#8217;da Kal\u0131n Eski Kent&#8217;in nefes kesici panoramik manzaras\u0131na sahip, canl\u0131 bir kent tarihinin kalbinde stratejik &#8230;<\/p>\n","protected":false},"author":1,"featured_media":0,"parent":0,"menu_order":0,"comment_status":"closed","ping_status":"closed","template":"","meta":{"ngg_post_thumbnail":0,"footnotes":""},"class_list":["post-1643","page","type-page","status-publish","hentry"],"aioseo_notices":[],"_links":{"self":[{"href":"https:\/\/emporiumhotelistanbul.com\/tr\/wp-json\/wp\/v2\/pages\/1643","targetHints":{"allow":["GET"]}}],"collection":[{"href":"https:\/\/emporiumhotelistanbul.com\/tr\/wp-json\/wp\/v2\/pages"}],"about":[{"href":"https:\/\/emporiumhotelistanbul.com\/tr\/wp-json\/wp\/v2\/types\/page"}],"author":[{"embeddable":true,"href":"https:\/\/emporiumhotelistanbul.com\/tr\/wp-json\/wp\/v2\/users\/1"}],"replies":[{"embeddable":true,"href":"https:\/\/emporiumhotelistanbul.com\/tr\/wp-json\/wp\/v2\/comments?post=1643"}],"version-history":[{"count":5,"href":"https:\/\/emporiumhotelistanbul.com\/tr\/wp-json\/wp\/v2\/pages\/1643\/revisions"}],"predecessor-version":[{"id":2671,"href":"https:\/\/emporiumhotelistanbul.com\/tr\/wp-json\/wp\/v2\/pages\/1643\/revisions\/2671"}],"wp:attachment":[{"href":"https:\/\/emporiumhotelistanbul.com\/tr\/wp-json\/wp\/v2\/media?parent=1643"}],"curies":[{"name":"wp","href":"https:\/\/api.w.org\/{rel}","templated":true}]}}