{"id":2287,"date":"2023-02-03T21:01:01","date_gmt":"2023-02-03T21:01:01","guid":{"rendered":"https:\/\/emporiumhotelistanbul.com\/deluxe-single-room\/"},"modified":"2023-10-18T13:10:24","modified_gmt":"2023-10-18T13:10:24","slug":"deluxe-single-room","status":"publish","type":"page","link":"https:\/\/emporiumhotelistanbul.com\/ro\/rooms\/deluxe-single-room\/","title":{"rendered":"Camer\u0103 single Deluxe"},"content":{"rendered":"<section class=\"wpb-content-wrapper\"><p>[vc_row][vc_column][vc_column_text]<\/p>\n<div class=\"inner-post-wrap\">\n<h2 class=\"room-price accent-color\"><span style=\"font-size: 16px;\">\n\t\t\t<!-- START d_single_room REVOLUTION SLIDER 6.6.18 --><p class=\"rs-p-wp-fix\"><\/p>\n\t\t\t<rs-module-wrap id=\"rev_slider_6_1_wrapper\" data-source=\"gallery\" style=\"visibility:hidden;background:#171717;padding:0;margin:0px auto;margin-top:0;margin-bottom:0;\">\n\t\t\t\t<rs-module id=\"rev_slider_6_1\" style=\"\" data-version=\"6.6.18\">\n\t\t\t\t\t<rs-slides style=\"overflow: hidden; position: absolute;\">\n\t\t\t\t\t\t<rs-slide style=\"position: absolute;\" data-key=\"rs-32\" data-title=\"Slide\" data-in=\"o:0;\" data-out=\"a:false;\">\n\t\t\t\t\t\t\t<img decoding=\"async\" src=\"\/\/emporiumhotelistanbul.com\/wp-content\/plugins\/revslider\/public\/assets\/assets\/dummy.png\" alt=\"Slide\" title=\"Camer\u0103 single Deluxe\" class=\"rev-slidebg tp-rs-img rs-lazyload\" data-lazyload=\"\/\/emporiumhotelistanbul.com\/wp-content\/plugins\/revslider\/public\/assets\/assets\/transparent.png\" data-parallax=\"off\" data-no-retina>\n<!--\n\t\t\t\t\t\t\t--><rs-layer\n\t\t\t\t\t\t\t\tid=\"slider-6-slide-32-layer-0\" \n\t\t\t\t\t\t\t\tdata-type=\"image\"\n\t\t\t\t\t\t\t\tdata-rsp_ch=\"on\"\n\t\t\t\t\t\t\t\tdata-xy=\"x:c;y:c;\"\n\t\t\t\t\t\t\t\tdata-text=\"w:normal;\"\n\t\t\t\t\t\t\t\tdata-dim=\"w:1179px;h:786px;\"\n\t\t\t\t\t\t\t\tdata-frame_999=\"o:0;st:w;\"\n\t\t\t\t\t\t\t\tstyle=\"z-index:5;\"\n\t\t\t\t\t\t\t><img decoding=\"async\" src=\"\/\/emporiumhotelistanbul.com\/wp-content\/plugins\/revslider\/public\/assets\/assets\/dummy.png\" alt=\"\" class=\"tp-rs-img rs-lazyload\" width=\"1024\" height=\"683\" data-lazyload=\"\/\/emporiumhotelistanbul.com\/wp-content\/uploads\/2023\/06\/resim_1-3.jpg\" data-no-retina> \n\t\t\t\t\t\t\t<\/rs-layer><!--\n-->\t\t\t\t\t\t<\/rs-slide>\n\t\t\t\t\t\t<rs-slide style=\"position: absolute;\" data-key=\"rs-33\" data-title=\"Slide\" data-in=\"o:0;\" data-out=\"a:false;\">\n\t\t\t\t\t\t\t<img decoding=\"async\" src=\"\/\/emporiumhotelistanbul.com\/wp-content\/plugins\/revslider\/public\/assets\/assets\/dummy.png\" alt=\"Slide\" title=\"Camer\u0103 single Deluxe\" class=\"rev-slidebg tp-rs-img rs-lazyload\" data-lazyload=\"\/\/emporiumhotelistanbul.com\/wp-content\/plugins\/revslider\/public\/assets\/assets\/transparent.png\" data-parallax=\"off\" data-no-retina>\n<!--\n\t\t\t\t\t\t\t--><rs-layer\n\t\t\t\t\t\t\t\tid=\"slider-6-slide-33-layer-3\" \n\t\t\t\t\t\t\t\tdata-type=\"image\"\n\t\t\t\t\t\t\t\tdata-rsp_ch=\"on\"\n\t\t\t\t\t\t\t\tdata-xy=\"x:c;y:c;\"\n\t\t\t\t\t\t\t\tdata-text=\"w:normal;\"\n\t\t\t\t\t\t\t\tdata-dim=\"w:1214px;h:810px;\"\n\t\t\t\t\t\t\t\tdata-frame_999=\"o:0;st:w;\"\n\t\t\t\t\t\t\t\tstyle=\"z-index:5;\"\n\t\t\t\t\t\t\t><img decoding=\"async\" src=\"\/\/emporiumhotelistanbul.com\/wp-content\/plugins\/revslider\/public\/assets\/assets\/dummy.png\" alt=\"\" class=\"tp-rs-img rs-lazyload\" width=\"1024\" height=\"683\" data-lazyload=\"\/\/emporiumhotelistanbul.com\/wp-content\/uploads\/2023\/06\/resim_2-4.jpg\" data-no-retina> \n\t\t\t\t\t\t\t<\/rs-layer><!--\n-->\t\t\t\t\t\t<\/rs-slide>\n\t\t\t\t\t\t<rs-slide style=\"position: absolute;\" data-key=\"rs-35\" data-title=\"Slide\" data-in=\"o:0;\" data-out=\"a:false;\">\n\t\t\t\t\t\t\t<img decoding=\"async\" src=\"\/\/emporiumhotelistanbul.com\/wp-content\/plugins\/revslider\/public\/assets\/assets\/dummy.png\" alt=\"Slide\" title=\"Camer\u0103 single Deluxe\" class=\"rev-slidebg tp-rs-img rs-lazyload\" data-lazyload=\"\/\/emporiumhotelistanbul.com\/wp-content\/plugins\/revslider\/public\/assets\/assets\/transparent.png\" data-parallax=\"off\" data-no-retina>\n<!--\n\t\t\t\t\t\t\t--><rs-layer\n\t\t\t\t\t\t\t\tid=\"slider-6-slide-35-layer-8\" \n\t\t\t\t\t\t\t\tdata-type=\"image\"\n\t\t\t\t\t\t\t\tdata-rsp_ch=\"on\"\n\t\t\t\t\t\t\t\tdata-xy=\"x:c;y:c;\"\n\t\t\t\t\t\t\t\tdata-text=\"w:normal;\"\n\t\t\t\t\t\t\t\tdata-dim=\"w:513px;h:768px;\"\n\t\t\t\t\t\t\t\tdata-frame_999=\"o:0;st:w;\"\n\t\t\t\t\t\t\t\tstyle=\"z-index:5;\"\n\t\t\t\t\t\t\t><img decoding=\"async\" src=\"\/\/emporiumhotelistanbul.com\/wp-content\/plugins\/revslider\/public\/assets\/assets\/dummy.png\" alt=\"\" class=\"tp-rs-img rs-lazyload\" width=\"513\" height=\"768\" data-lazyload=\"\/\/emporiumhotelistanbul.com\/wp-content\/uploads\/2023\/06\/resim_3-1.jpg\" data-no-retina> \n\t\t\t\t\t\t\t<\/rs-layer><!--\n-->\t\t\t\t\t\t<\/rs-slide>\n\t\t\t\t\t\t<rs-slide style=\"position: absolute;\" data-key=\"rs-36\" data-title=\"Slide\" data-in=\"o:0;\" data-out=\"a:false;\">\n\t\t\t\t\t\t\t<img decoding=\"async\" src=\"\/\/emporiumhotelistanbul.com\/wp-content\/plugins\/revslider\/public\/assets\/assets\/dummy.png\" alt=\"Slide\" title=\"Camer\u0103 single Deluxe\" class=\"rev-slidebg tp-rs-img rs-lazyload\" data-lazyload=\"\/\/emporiumhotelistanbul.com\/wp-content\/plugins\/revslider\/public\/assets\/assets\/transparent.png\" data-parallax=\"off\" data-no-retina>\n<!--\n\t\t\t\t\t\t\t--><rs-layer\n\t\t\t\t\t\t\t\tid=\"slider-6-slide-36-layer-9\" \n\t\t\t\t\t\t\t\tdata-type=\"image\"\n\t\t\t\t\t\t\t\tdata-rsp_ch=\"on\"\n\t\t\t\t\t\t\t\tdata-xy=\"x:c;y:c;\"\n\t\t\t\t\t\t\t\tdata-text=\"w:normal;\"\n\t\t\t\t\t\t\t\tdata-dim=\"w:513px;h:768px;\"\n\t\t\t\t\t\t\t\tdata-frame_999=\"o:0;st:w;\"\n\t\t\t\t\t\t\t\tstyle=\"z-index:5;\"\n\t\t\t\t\t\t\t><img decoding=\"async\" src=\"\/\/emporiumhotelistanbul.com\/wp-content\/plugins\/revslider\/public\/assets\/assets\/dummy.png\" alt=\"\" class=\"tp-rs-img rs-lazyload\" width=\"513\" height=\"768\" data-lazyload=\"\/\/emporiumhotelistanbul.com\/wp-content\/uploads\/2023\/06\/resim_4-1.jpg\" data-no-retina> \n\t\t\t\t\t\t\t<\/rs-layer><!--\n-->\t\t\t\t\t\t<\/rs-slide>\n\t\t\t\t\t\t<rs-slide style=\"position: absolute;\" data-key=\"rs-31\" data-title=\"Slide\" data-in=\"o:0;\" data-out=\"a:false;\">\n\t\t\t\t\t\t\t<img decoding=\"async\" src=\"\/\/emporiumhotelistanbul.com\/wp-content\/plugins\/revslider\/public\/assets\/assets\/dummy.png\" alt=\"Slide\" title=\"Camer\u0103 single Deluxe\" class=\"rev-slidebg tp-rs-img rs-lazyload\" data-lazyload=\"\/\/emporiumhotelistanbul.com\/wp-content\/plugins\/revslider\/public\/assets\/assets\/transparent.png\" data-parallax=\"off\" data-no-retina>\n<!--\n\t\t\t\t\t\t\t--><rs-layer\n\t\t\t\t\t\t\t\tid=\"slider-6-slide-31-layer-1\" \n\t\t\t\t\t\t\t\tdata-type=\"image\"\n\t\t\t\t\t\t\t\tdata-rsp_ch=\"on\"\n\t\t\t\t\t\t\t\tdata-xy=\"x:c;y:c;\"\n\t\t\t\t\t\t\t\tdata-text=\"w:normal;\"\n\t\t\t\t\t\t\t\tdata-dim=\"w:1176px;h:830px;\"\n\t\t\t\t\t\t\t\tdata-frame_999=\"o:0;st:w;\"\n\t\t\t\t\t\t\t\tstyle=\"z-index:5;\"\n\t\t\t\t\t\t\t><img decoding=\"async\" src=\"\/\/emporiumhotelistanbul.com\/wp-content\/plugins\/revslider\/public\/assets\/assets\/dummy.png\" alt=\"\" class=\"tp-rs-img rs-lazyload\" width=\"1024\" height=\"723\" data-lazyload=\"\/\/emporiumhotelistanbul.com\/wp-content\/uploads\/2023\/06\/resim5-1.jpg\" data-no-retina> \n\t\t\t\t\t\t\t<\/rs-layer><!--\n-->\t\t\t\t\t\t<\/rs-slide>\n\t\t\t\t\t<\/rs-slides>\n\t\t\t\t<\/rs-module>\n\t\t\t\t<script>\n\t\t\t\t\tsetREVStartSize({c: 'rev_slider_6_1',rl:[1240,1024,778,480],el:[650],gw:[1170],gh:[650],type:'standard',justify:'',layout:'fullwidth',mh:\"0\"});if (window.RS_MODULES!==undefined && window.RS_MODULES.modules!==undefined && window.RS_MODULES.modules[\"revslider61\"]!==undefined) {window.RS_MODULES.modules[\"revslider61\"].once = false;window.revapi6 = undefined;if (window.RS_MODULES.checkMinimal!==undefined) window.RS_MODULES.checkMinimal()}\n\t\t\t\t<\/script>\n\t\t\t<\/rs-module-wrap>\n\t\t\t<!-- END REVOLUTION SLIDER -->\n<\/span><\/h2>\n<\/div>\n<p>[\/vc_column_text][vc_column_text]Descoperi\u021bi hotelul nostru situat \u00een incantatorul bazar istoric, oferind o experien\u021b\u0103 cu adev\u0103rat unic\u0103. Situat \u00een centrul plin de via\u021b\u0103 al ora\u0219ului, suntem dedica\u021bi s\u0103 oferim servicii excep\u021bionale de cea mai \u00eenalt\u0103 calitate. Cufunda\u021bi-v\u0103 \u00een atmosfera captivant\u0103 a loca\u021biei noastre istorice, unde fiecare col\u021b spune o poveste. Cu op\u021biuni de transport convenabile, explorarea ora\u0219ului este o briz\u0103. P\u0103\u0219i\u021bi \u00een camerele noastre bine amenajate, concepute pentru confortul \u0219i relaxarea dvs. suprem\u0103. Experimenta\u021bi combina\u021bia perfect\u0103 de confort modern \u0219i farmec atemporal. Fie c\u0103 v\u0103 afla\u021bi aici pentru afaceri sau pentru agrement, hotelul nostru v\u0103 ofer\u0103 un sejur de neegalat, asigur\u00e2ndu-v\u0103 o experien\u021b\u0103 memorabil\u0103 \u0219i plin\u0103 de satisfac\u021bii \u00een inima ora\u0219ului.[\/vc_column_text][vc_btn title=&#8221;REZERVA\u021aI ACUM&#8221; style=&#8221;3d&#8221; shape=&#8221;round&#8221; size=&#8221;lg&#8221; align=&#8221;center&#8221; i_icon_fontawesome=&#8221;fas fa-arrow-circle-right&#8221; button_block=&#8221;true&#8221; add_icon=&#8221;true&#8221; link=&#8221;url:https%3A%2F%2Femporiumhotelistanbul.istbooking.com%2Fen-US%3Fsr%3D1%26ng%3D%26ro%3D%26ad%3D%26ci%3D|target:_blank&#8221;][\/vc_column][\/vc_row][vc_row][vc_column width=&#8221;2\/3&#8243;][vc_column_text]<\/p>\n<h3>Serviciu \u00een Camer\u0103<\/h3>\n<p>[\/vc_column_text][vc_row_inner][vc_column_inner width=&#8221;1\/2&#8243;][vc_column_text]<img loading=\"lazy\" decoding=\"async\" class=\"alignnone size-full wp-image-4904\" src=\"https:\/\/emporiumhotelistanbul.com\/wp-content\/uploads\/2023\/06\/food-service.png\" alt=\"\" width=\"24\" height=\"24\"> Serviciu \u00een Camer\u0103<\/p>\n<hr>\n<p><img loading=\"lazy\" decoding=\"async\" class=\"alignnone size-full wp-image-4903\" src=\"https:\/\/emporiumhotelistanbul.com\/wp-content\/uploads\/2023\/06\/hairdryer-1.png\" alt=\"\" width=\"24\" height=\"24\"> Usc\u0103tor de p\u0103r<\/p>\n<hr>\n<p><img loading=\"lazy\" decoding=\"async\" class=\"alignnone size-full wp-image-4905\" src=\"https:\/\/emporiumhotelistanbul.com\/wp-content\/uploads\/2023\/06\/watch-tv.png\" alt=\"\" width=\"24\" height=\"24\">&nbsp; SMART TV<\/p>\n<hr>\n<p><img loading=\"lazy\" decoding=\"async\" class=\"alignnone size-full wp-image-4906\" src=\"https:\/\/emporiumhotelistanbul.com\/wp-content\/uploads\/2023\/06\/shower.png\" alt=\"\" width=\"24\" height=\"24\"> Baie privat\u0103 \u0219i toalet\u0103<\/p>\n<hr>\n<p><img loading=\"lazy\" decoding=\"async\" class=\"alignnone size-full wp-image-4907\" src=\"https:\/\/emporiumhotelistanbul.com\/wp-content\/uploads\/2023\/06\/cot.png\" alt=\"\" width=\"24\" height=\"24\"> Posibilitate de p\u0103tu\u021b pentru copii<\/p>\n<hr>\n<p><img loading=\"lazy\" decoding=\"async\" class=\"alignnone size-full wp-image-4908\" src=\"https:\/\/emporiumhotelistanbul.com\/wp-content\/uploads\/2023\/06\/washing-machine.png\" alt=\"\" width=\"24\" height=\"24\"> Serviciu de sp\u0103l\u0103torie<\/p>\n<hr>\n<p><img loading=\"lazy\" decoding=\"async\" class=\"alignnone size-full wp-image-4909\" src=\"https:\/\/emporiumhotelistanbul.com\/wp-content\/uploads\/2023\/06\/minibar.png\" alt=\"\" width=\"24\" height=\"24\">&nbsp; Mini Bar<\/p>\n<hr>\n<p><img loading=\"lazy\" decoding=\"async\" class=\"alignnone size-full wp-image-4910\" src=\"https:\/\/emporiumhotelistanbul.com\/wp-content\/uploads\/2023\/06\/satellite.png\" alt=\"\" width=\"24\" height=\"24\"> Canale prin satelit<\/p>\n<hr>\n<p>[\/vc_column_text][\/vc_column_inner][vc_column_inner width=&#8221;1\/2&#8243;][vc_column_text]<img loading=\"lazy\" decoding=\"async\" class=\"alignnone size-full wp-image-4911\" src=\"https:\/\/emporiumhotelistanbul.com\/wp-content\/uploads\/2023\/06\/wifi.png\" alt=\"\" width=\"24\" height=\"24\"> Wi-Fi gratuit<\/p>\n<hr>\n<p><img loading=\"lazy\" decoding=\"async\" class=\"alignnone size-full wp-image-4912\" src=\"https:\/\/emporiumhotelistanbul.com\/wp-content\/uploads\/2023\/06\/slipper.png\" alt=\"\" width=\"24\" height=\"24\"> Papuci de cas\u0103<\/p>\n<hr>\n<p><img loading=\"lazy\" decoding=\"async\" class=\"alignnone size-full wp-image-4913\" src=\"https:\/\/emporiumhotelistanbul.com\/wp-content\/uploads\/2023\/06\/tea-cup.png\" alt=\"\" width=\"24\" height=\"24\"> Ceai \u0219i cafea gratuite<\/p>\n<hr>\n<p><img loading=\"lazy\" decoding=\"async\" class=\"alignnone size-full wp-image-4921\" src=\"https:\/\/emporiumhotelistanbul.com\/wp-content\/uploads\/2023\/06\/water.png\" alt=\"\" width=\"24\" height=\"24\"> Sticl\u0103 de ap\u0103 gratuit\u0103<\/p>\n<hr>\n<p><img loading=\"lazy\" decoding=\"async\" class=\"alignnone size-full wp-image-4914\" src=\"https:\/\/emporiumhotelistanbul.com\/wp-content\/uploads\/2023\/06\/air-conditioner.png\" alt=\"\" width=\"24\" height=\"24\"> Aer condi\u021bionat<\/p>\n<hr>\n<p><img loading=\"lazy\" decoding=\"async\" class=\"alignnone size-full wp-image-4915\" src=\"https:\/\/emporiumhotelistanbul.com\/wp-content\/uploads\/2023\/06\/safe-box.png\" alt=\"\" width=\"24\" height=\"24\"> Cutie de valori \u00een camer\u0103<\/p>\n<hr>\n<p><img loading=\"lazy\" decoding=\"async\" class=\"alignnone size-full wp-image-4916\" src=\"https:\/\/emporiumhotelistanbul.com\/wp-content\/uploads\/2023\/06\/old-typical-phone.png\" alt=\"\" width=\"24\" height=\"24\"> Telefon cu linie direct\u0103<\/p>\n<hr>\n<p><img loading=\"lazy\" decoding=\"async\" class=\"alignnone size-full wp-image-4918\" src=\"https:\/\/emporiumhotelistanbul.com\/wp-content\/uploads\/2023\/06\/kettle-1.png\" alt=\"\" width=\"24\" height=\"24\"> Fierb\u0103tor de ap\u0103<\/p>\n<hr>\n<p>[\/vc_column_text][\/vc_column_inner][\/vc_row_inner][vc_separator][\/vc_column][vc_column width=&#8221;1\/3&#8243;][vc_column_text]<\/p>\n<h3>Regulile camerei<\/h3>\n<p>[\/vc_column_text][vc_column_text]\u2013 Check-in: Dup\u0103 ora 14:00<br \/>\n\u2013 Check-out: 12:00 AM<br \/>\n\u2013 Animalele de companie nu sunt permise<\/p>\n<p><img loading=\"lazy\" decoding=\"async\" class=\"alignnone size-full wp-image-4920\" src=\"https:\/\/emporiumhotelistanbul.com\/wp-content\/uploads\/2023\/06\/no-smoking.png\" alt=\"\" width=\"24\" height=\"24\"> Fumatul nu este permis[\/vc_column_text][\/vc_column][\/vc_row]<\/p>\n<\/section>","protected":false},"excerpt":{"rendered":"<p>[vc_row][vc_column][vc_column_text] [\/vc_column_text][vc_column_text]Descoperi\u021bi hotelul nostru situat \u00een incantatorul bazar istoric, oferind o experien\u021b\u0103 cu adev\u0103rat unic\u0103. Situat \u00een centrul plin de via\u021b\u0103 &#8230;<\/p>\n","protected":false},"author":1,"featured_media":0,"parent":2313,"menu_order":3,"comment_status":"closed","ping_status":"closed","template":"","meta":{"ngg_post_thumbnail":0,"footnotes":""},"class_list":["post-2287","page","type-page","status-publish","hentry"],"aioseo_notices":[],"_links":{"self":[{"href":"https:\/\/emporiumhotelistanbul.com\/ro\/wp-json\/wp\/v2\/pages\/2287","targetHints":{"allow":["GET"]}}],"collection":[{"href":"https:\/\/emporiumhotelistanbul.com\/ro\/wp-json\/wp\/v2\/pages"}],"about":[{"href":"https:\/\/emporiumhotelistanbul.com\/ro\/wp-json\/wp\/v2\/types\/page"}],"author":[{"embeddable":true,"href":"https:\/\/emporiumhotelistanbul.com\/ro\/wp-json\/wp\/v2\/users\/1"}],"replies":[{"embeddable":true,"href":"https:\/\/emporiumhotelistanbul.com\/ro\/wp-json\/wp\/v2\/comments?post=2287"}],"version-history":[{"count":3,"href":"https:\/\/emporiumhotelistanbul.com\/ro\/wp-json\/wp\/v2\/pages\/2287\/revisions"}],"predecessor-version":[{"id":2558,"href":"https:\/\/emporiumhotelistanbul.com\/ro\/wp-json\/wp\/v2\/pages\/2287\/revisions\/2558"}],"up":[{"embeddable":true,"href":"https:\/\/emporiumhotelistanbul.com\/ro\/wp-json\/wp\/v2\/pages\/2313"}],"wp:attachment":[{"href":"https:\/\/emporiumhotelistanbul.com\/ro\/wp-json\/wp\/v2\/media?parent=2287"}],"curies":[{"name":"wp","href":"https:\/\/api.w.org\/{rel}","templated":true}]}}