{"id":2281,"date":"2023-02-03T21:00:07","date_gmt":"2023-02-03T21:00:07","guid":{"rendered":"https:\/\/emporiumhotelistanbul.com\/standart-twin-or-double-room\/"},"modified":"2023-10-18T12:24:39","modified_gmt":"2023-10-18T12:24:39","slug":"standart-twin-or-double-room","status":"publish","type":"page","link":"https:\/\/emporiumhotelistanbul.com\/hu\/rooms\/standart-twin-or-double-room\/","title":{"rendered":"Standart K\u00e9t\u00e1gyas vagy k\u00e9t\u00e1gyas szoba"},"content":{"rendered":"<section class=\"wpb-content-wrapper\"><p>[vc_row][vc_column][vc_column_text]<\/p>\n<div class=\"inner-post-wrap\">\n<h2 class=\"room-price accent-color\"><span style=\"font-size: 16px;\">\n\t\t\t<!-- START s_twinordouble REVOLUTION SLIDER 6.6.18 --><p class=\"rs-p-wp-fix\"><\/p>\n\t\t\t<rs-module-wrap id=\"rev_slider_5_1_wrapper\" data-source=\"gallery\" style=\"visibility:hidden;background:#171717;padding:0;margin:0px auto;margin-top:0;margin-bottom:0;\">\n\t\t\t\t<rs-module id=\"rev_slider_5_1\" style=\"\" data-version=\"6.6.18\">\n\t\t\t\t\t<rs-slides style=\"overflow: hidden; position: absolute;\">\n\t\t\t\t\t\t<rs-slide style=\"position: absolute;\" data-key=\"rs-27\" data-title=\"Slide\" data-in=\"o:0;\" data-out=\"a:false;\">\n\t\t\t\t\t\t\t<img decoding=\"async\" src=\"\/\/emporiumhotelistanbul.com\/wp-content\/plugins\/revslider\/public\/assets\/assets\/dummy.png\" alt=\"Slide\" title=\"Standart K\u00e9t\u00e1gyas vagy k\u00e9t\u00e1gyas szoba\" class=\"rev-slidebg tp-rs-img rs-lazyload\" data-lazyload=\"\/\/emporiumhotelistanbul.com\/wp-content\/plugins\/revslider\/public\/assets\/assets\/transparent.png\" data-parallax=\"off\" data-no-retina>\n<!--\n\t\t\t\t\t\t\t--><rs-layer\n\t\t\t\t\t\t\t\tid=\"slider-5-slide-27-layer-3\" \n\t\t\t\t\t\t\t\tdata-type=\"image\"\n\t\t\t\t\t\t\t\tdata-rsp_ch=\"on\"\n\t\t\t\t\t\t\t\tdata-xy=\"x:c;\"\n\t\t\t\t\t\t\t\tdata-text=\"w:normal;\"\n\t\t\t\t\t\t\t\tdata-dim=\"w:1185px;h:790px;\"\n\t\t\t\t\t\t\t\tdata-frame_999=\"o:0;st:w;\"\n\t\t\t\t\t\t\t\tstyle=\"z-index:5;\"\n\t\t\t\t\t\t\t><img decoding=\"async\" src=\"\/\/emporiumhotelistanbul.com\/wp-content\/plugins\/revslider\/public\/assets\/assets\/dummy.png\" alt=\"\" class=\"tp-rs-img rs-lazyload\" width=\"1024\" height=\"683\" data-lazyload=\"\/\/emporiumhotelistanbul.com\/wp-content\/uploads\/2023\/06\/resim1-3.jpg\" data-no-retina> \n\t\t\t\t\t\t\t<\/rs-layer><!--\n-->\t\t\t\t\t\t<\/rs-slide>\n\t\t\t\t\t\t<rs-slide style=\"position: absolute;\" data-key=\"rs-28\" data-title=\"Slide\" data-in=\"o:0;\" data-out=\"a:false;\">\n\t\t\t\t\t\t\t<img decoding=\"async\" src=\"\/\/emporiumhotelistanbul.com\/wp-content\/plugins\/revslider\/public\/assets\/assets\/dummy.png\" alt=\"Slide\" title=\"Standart K\u00e9t\u00e1gyas vagy k\u00e9t\u00e1gyas szoba\" class=\"rev-slidebg tp-rs-img rs-lazyload\" data-lazyload=\"\/\/emporiumhotelistanbul.com\/wp-content\/plugins\/revslider\/public\/assets\/assets\/transparent.png\" data-parallax=\"off\" data-no-retina>\n<!--\n\t\t\t\t\t\t\t--><rs-layer\n\t\t\t\t\t\t\t\tid=\"slider-5-slide-28-layer-4\" \n\t\t\t\t\t\t\t\tdata-type=\"image\"\n\t\t\t\t\t\t\t\tdata-rsp_ch=\"on\"\n\t\t\t\t\t\t\t\tdata-xy=\"x:c;\"\n\t\t\t\t\t\t\t\tdata-text=\"w:normal;\"\n\t\t\t\t\t\t\t\tdata-dim=\"w:1180px;h:787px;\"\n\t\t\t\t\t\t\t\tdata-frame_999=\"o:0;st:w;\"\n\t\t\t\t\t\t\t\tstyle=\"z-index:5;\"\n\t\t\t\t\t\t\t><img decoding=\"async\" src=\"\/\/emporiumhotelistanbul.com\/wp-content\/plugins\/revslider\/public\/assets\/assets\/dummy.png\" alt=\"\" class=\"tp-rs-img rs-lazyload\" width=\"1024\" height=\"683\" data-lazyload=\"\/\/emporiumhotelistanbul.com\/wp-content\/uploads\/2023\/06\/resim2-2.jpg\" data-no-retina> \n\t\t\t\t\t\t\t<\/rs-layer><!--\n-->\t\t\t\t\t\t<\/rs-slide>\n\t\t\t\t\t\t<rs-slide style=\"position: absolute;\" data-key=\"rs-29\" data-title=\"Slide\" data-in=\"o:0;\" data-out=\"a:false;\">\n\t\t\t\t\t\t\t<img decoding=\"async\" src=\"\/\/emporiumhotelistanbul.com\/wp-content\/plugins\/revslider\/public\/assets\/assets\/dummy.png\" alt=\"Slide\" title=\"Standart K\u00e9t\u00e1gyas vagy k\u00e9t\u00e1gyas szoba\" class=\"rev-slidebg tp-rs-img rs-lazyload\" data-lazyload=\"\/\/emporiumhotelistanbul.com\/wp-content\/plugins\/revslider\/public\/assets\/assets\/transparent.png\" data-parallax=\"off\" data-no-retina>\n<!--\n\t\t\t\t\t\t\t--><rs-layer\n\t\t\t\t\t\t\t\tid=\"slider-5-slide-29-layer-5\" \n\t\t\t\t\t\t\t\tdata-type=\"image\"\n\t\t\t\t\t\t\t\tdata-rsp_ch=\"on\"\n\t\t\t\t\t\t\t\tdata-xy=\"x:c;\"\n\t\t\t\t\t\t\t\tdata-text=\"w:normal;\"\n\t\t\t\t\t\t\t\tdata-dim=\"w:1190px;h:794px;\"\n\t\t\t\t\t\t\t\tdata-frame_999=\"o:0;st:w;\"\n\t\t\t\t\t\t\t\tstyle=\"z-index:5;\"\n\t\t\t\t\t\t\t><img decoding=\"async\" src=\"\/\/emporiumhotelistanbul.com\/wp-content\/plugins\/revslider\/public\/assets\/assets\/dummy.png\" alt=\"\" class=\"tp-rs-img rs-lazyload\" width=\"1024\" height=\"683\" data-lazyload=\"\/\/emporiumhotelistanbul.com\/wp-content\/uploads\/2023\/06\/resim3-2.jpg\" data-no-retina> \n\t\t\t\t\t\t\t<\/rs-layer><!--\n-->\t\t\t\t\t\t<\/rs-slide>\n\t\t\t\t\t\t<rs-slide style=\"position: absolute;\" data-key=\"rs-30\" data-title=\"Slide\" data-in=\"o:0;\" data-out=\"a:false;\">\n\t\t\t\t\t\t\t<img decoding=\"async\" src=\"\/\/emporiumhotelistanbul.com\/wp-content\/plugins\/revslider\/public\/assets\/assets\/dummy.png\" alt=\"Slide\" title=\"Standart K\u00e9t\u00e1gyas vagy k\u00e9t\u00e1gyas szoba\" class=\"rev-slidebg tp-rs-img rs-lazyload\" data-lazyload=\"\/\/emporiumhotelistanbul.com\/wp-content\/plugins\/revslider\/public\/assets\/assets\/transparent.png\" data-parallax=\"off\" data-no-retina>\n<!--\n\t\t\t\t\t\t\t--><rs-layer\n\t\t\t\t\t\t\t\tid=\"slider-5-slide-30-layer-6\" \n\t\t\t\t\t\t\t\tdata-type=\"image\"\n\t\t\t\t\t\t\t\tdata-rsp_ch=\"on\"\n\t\t\t\t\t\t\t\tdata-xy=\"x:c;\"\n\t\t\t\t\t\t\t\tdata-text=\"w:normal;\"\n\t\t\t\t\t\t\t\tdata-dim=\"w:1181px;h:880px;\"\n\t\t\t\t\t\t\t\tdata-frame_999=\"o:0;st:w;\"\n\t\t\t\t\t\t\t\tstyle=\"z-index:5;\"\n\t\t\t\t\t\t\t><img decoding=\"async\" src=\"\/\/emporiumhotelistanbul.com\/wp-content\/plugins\/revslider\/public\/assets\/assets\/dummy.png\" alt=\"\" class=\"tp-rs-img rs-lazyload\" width=\"1024\" height=\"763\" data-lazyload=\"\/\/emporiumhotelistanbul.com\/wp-content\/uploads\/2023\/06\/resim4-2.jpg\" data-no-retina> \n\t\t\t\t\t\t\t<\/rs-layer><!--\n-->\t\t\t\t\t\t<\/rs-slide>\n\t\t\t\t\t\t<rs-slide style=\"position: absolute;\" data-key=\"rs-25\" data-title=\"Slide\" data-in=\"o:0;\" data-out=\"a:false;\">\n\t\t\t\t\t\t\t<img decoding=\"async\" src=\"\/\/emporiumhotelistanbul.com\/wp-content\/plugins\/revslider\/public\/assets\/assets\/dummy.png\" alt=\"Slide\" title=\"Standart K\u00e9t\u00e1gyas vagy k\u00e9t\u00e1gyas szoba\" class=\"rev-slidebg tp-rs-img rs-lazyload\" data-lazyload=\"\/\/emporiumhotelistanbul.com\/wp-content\/plugins\/revslider\/public\/assets\/assets\/transparent.png\" data-parallax=\"off\" data-no-retina>\n<!--\n\t\t\t\t\t\t\t--><rs-layer\n\t\t\t\t\t\t\t\tid=\"slider-5-slide-25-layer-1\" \n\t\t\t\t\t\t\t\tdata-type=\"image\"\n\t\t\t\t\t\t\t\tdata-rsp_ch=\"on\"\n\t\t\t\t\t\t\t\tdata-xy=\"x:c;y:c;\"\n\t\t\t\t\t\t\t\tdata-text=\"w:normal;\"\n\t\t\t\t\t\t\t\tdata-dim=\"w:1176px;h:830px;\"\n\t\t\t\t\t\t\t\tdata-frame_999=\"o:0;st:w;\"\n\t\t\t\t\t\t\t\tstyle=\"z-index:5;\"\n\t\t\t\t\t\t\t><img decoding=\"async\" src=\"\/\/emporiumhotelistanbul.com\/wp-content\/plugins\/revslider\/public\/assets\/assets\/dummy.png\" alt=\"\" class=\"tp-rs-img rs-lazyload\" width=\"1024\" height=\"723\" data-lazyload=\"\/\/emporiumhotelistanbul.com\/wp-content\/uploads\/2023\/06\/resim5-1.jpg\" data-no-retina> \n\t\t\t\t\t\t\t<\/rs-layer><!--\n-->\t\t\t\t\t\t<\/rs-slide>\n\t\t\t\t\t<\/rs-slides>\n\t\t\t\t<\/rs-module>\n\t\t\t\t<script>\n\t\t\t\t\tsetREVStartSize({c: 'rev_slider_5_1',rl:[1240,1024,778,480],el:[650],gw:[1170],gh:[650],type:'standard',justify:'',layout:'fullwidth',mh:\"0\"});if (window.RS_MODULES!==undefined && window.RS_MODULES.modules!==undefined && window.RS_MODULES.modules[\"revslider51\"]!==undefined) {window.RS_MODULES.modules[\"revslider51\"].once = false;window.revapi5 = undefined;if (window.RS_MODULES.checkMinimal!==undefined) window.RS_MODULES.checkMinimal()}\n\t\t\t\t<\/script>\n\t\t\t<\/rs-module-wrap>\n\t\t\t<!-- END REVOLUTION SLIDER -->\n<\/span><\/h2>\n<\/div>\n<p>[\/vc_column_text][vc_column_text]Discover our hotel nestled within the enchanting historic bazaar, offering a truly unique experience. Located in the bustling city center, we are dedicated to providing exceptional service of the highest quality. Immerse yourself in the captivating atmosphere of our historical location, where every corner tells a story. With convenient transportation options, exploring the city is a breeze. Step into our well-appointed rooms, designed for your ultimate comfort and relaxation. Experience the perfect blend of modern convenience and timeless charm. Whether you&#8217;re here for business or leisure, our hotel offers an unparalleled stay, ensuring a memorable and fulfilling experience in the heart of the city.[\/vc_column_text][vc_btn title=&#8221;FOGLALJON MOST&#8221; style=&#8221;3d&#8221; shape=&#8221;round&#8221; size=&#8221;lg&#8221; align=&#8221;center&#8221; i_icon_fontawesome=&#8221;fas fa-arrow-circle-right&#8221; button_block=&#8221;true&#8221; add_icon=&#8221;true&#8221; link=&#8221;url:https%3A%2F%2Femporiumhotelistanbul.istbooking.com%2Fen-US%3Fsr%3D1%26ng%3D%26ro%3D%26ad%3D%26ci%3D|target:_blank&#8221;][\/vc_column][\/vc_row][vc_row][vc_column width=&#8221;2\/3&#8243;][vc_column_text]<\/p>\n<h3>Szobaszerviz<\/h3>\n<p>[\/vc_column_text][vc_row_inner][vc_column_inner width=&#8221;1\/2&#8243;][vc_column_text]<img loading=\"lazy\" decoding=\"async\" class=\"alignnone size-full wp-image-4904\" src=\"https:\/\/emporiumhotelistanbul.com\/wp-content\/uploads\/2023\/06\/food-service.png\" alt=\"\" width=\"24\" height=\"24\">&nbsp; Szobaszerviz<\/p>\n<hr>\n<p><img loading=\"lazy\" decoding=\"async\" class=\"alignnone size-full wp-image-4903\" src=\"https:\/\/emporiumhotelistanbul.com\/wp-content\/uploads\/2023\/06\/hairdryer-1.png\" alt=\"\" width=\"24\" height=\"24\">&nbsp; Hajsz\u00e1r\u00edt\u00f3<\/p>\n<hr>\n<p><img loading=\"lazy\" decoding=\"async\" class=\"alignnone size-full wp-image-4905\" src=\"https:\/\/emporiumhotelistanbul.com\/wp-content\/uploads\/2023\/06\/watch-tv.png\" alt=\"\" width=\"24\" height=\"24\">&nbsp; SMART TV<\/p>\n<hr>\n<p><img loading=\"lazy\" decoding=\"async\" class=\"alignnone size-full wp-image-4906\" src=\"https:\/\/emporiumhotelistanbul.com\/wp-content\/uploads\/2023\/06\/shower.png\" alt=\"\" width=\"24\" height=\"24\"> Saj\u00e1t f\u00fcrd\u0151szoba \u00e9s WC<\/p>\n<hr>\n<p><img loading=\"lazy\" decoding=\"async\" class=\"alignnone size-full wp-image-4907\" src=\"https:\/\/emporiumhotelistanbul.com\/wp-content\/uploads\/2023\/06\/cot.png\" alt=\"\" width=\"24\" height=\"24\"> Baba\u00e1gy lehets\u00e9ges<\/p>\n<hr>\n<p><img loading=\"lazy\" decoding=\"async\" class=\"alignnone size-full wp-image-4908\" src=\"https:\/\/emporiumhotelistanbul.com\/wp-content\/uploads\/2023\/06\/washing-machine.png\" alt=\"\" width=\"24\" height=\"24\"> Mosodai szolg\u00e1ltat\u00e1s<\/p>\n<hr>\n<p><img loading=\"lazy\" decoding=\"async\" class=\"alignnone size-full wp-image-4909\" src=\"https:\/\/emporiumhotelistanbul.com\/wp-content\/uploads\/2023\/06\/minibar.png\" alt=\"\" width=\"24\" height=\"24\"> Minib\u00e1r<\/p>\n<hr>\n<p><img loading=\"lazy\" decoding=\"async\" class=\"alignnone size-full wp-image-4910\" src=\"https:\/\/emporiumhotelistanbul.com\/wp-content\/uploads\/2023\/06\/satellite.png\" alt=\"\" width=\"24\" height=\"24\"> M\u0171holdas csatorn\u00e1k<\/p>\n<hr>\n<p>[\/vc_column_text][\/vc_column_inner][vc_column_inner width=&#8221;1\/2&#8243;][vc_column_text]<img loading=\"lazy\" decoding=\"async\" class=\"alignnone size-full wp-image-4911\" src=\"https:\/\/emporiumhotelistanbul.com\/wp-content\/uploads\/2023\/06\/wifi.png\" alt=\"\" width=\"24\" height=\"24\"> Ingyenes Wi-Fi<\/p>\n<hr>\n<p><img loading=\"lazy\" decoding=\"async\" class=\"alignnone size-full wp-image-4912\" src=\"https:\/\/emporiumhotelistanbul.com\/wp-content\/uploads\/2023\/06\/slipper.png\" alt=\"\" width=\"24\" height=\"24\"> Papucs<\/p>\n<hr>\n<p><img loading=\"lazy\" decoding=\"async\" class=\"alignnone size-full wp-image-4913\" src=\"https:\/\/emporiumhotelistanbul.com\/wp-content\/uploads\/2023\/06\/tea-cup.png\" alt=\"\" width=\"24\" height=\"24\"> Ingyen tea \u00e9s k\u00e1v\u00e9<\/p>\n<hr>\n<p><img loading=\"lazy\" decoding=\"async\" class=\"alignnone size-full wp-image-4921\" src=\"https:\/\/emporiumhotelistanbul.com\/wp-content\/uploads\/2023\/06\/water.png\" alt=\"\" width=\"24\" height=\"24\"> Ingyenes \u00fcveg v\u00edz<\/p>\n<hr>\n<p><img loading=\"lazy\" decoding=\"async\" class=\"alignnone size-full wp-image-4914\" src=\"https:\/\/emporiumhotelistanbul.com\/wp-content\/uploads\/2023\/06\/air-conditioner.png\" alt=\"\" width=\"24\" height=\"24\"> L\u00e9gkondicion\u00e1l\u00f3<\/p>\n<hr>\n<p><img loading=\"lazy\" decoding=\"async\" class=\"alignnone size-full wp-image-4915\" src=\"https:\/\/emporiumhotelistanbul.com\/wp-content\/uploads\/2023\/06\/safe-box.png\" alt=\"\" width=\"24\" height=\"24\"> Sz\u00e9f a szob\u00e1ban<\/p>\n<hr>\n<p><img loading=\"lazy\" decoding=\"async\" class=\"alignnone size-full wp-image-4916\" src=\"https:\/\/emporiumhotelistanbul.com\/wp-content\/uploads\/2023\/06\/old-typical-phone.png\" alt=\"\" width=\"24\" height=\"24\"> K\u00f6zvetlen t\u00e1rcs\u00e1s telefon<\/p>\n<hr>\n<p><img loading=\"lazy\" decoding=\"async\" class=\"alignnone size-full wp-image-4918\" src=\"https:\/\/emporiumhotelistanbul.com\/wp-content\/uploads\/2023\/06\/kettle-1.png\" alt=\"\" width=\"24\" height=\"24\"> V\u00edzforral\u00f3<\/p>\n<hr>\n<p>[\/vc_column_text][\/vc_column_inner][\/vc_row_inner][vc_separator][\/vc_column][vc_column width=&#8221;1\/3&#8243;][vc_column_text]<\/p>\n<h3>Szobaszab\u00e1lyok<\/h3>\n<p>[\/vc_column_text][vc_column_text]\u2013 Bejelentkez\u00e9s: 14:00 AM<br \/>\n\u2013 Kijelentkez\u00e9s: 12:00 AM<br \/>\n\u2013 H\u00e1zi\u00e1llat nem megengedett<\/p>\n<p><img loading=\"lazy\" decoding=\"async\" class=\"alignnone size-full wp-image-4920\" src=\"https:\/\/emporiumhotelistanbul.com\/wp-content\/uploads\/2023\/06\/no-smoking.png\" alt=\"\" width=\"24\" height=\"24\"> A doh\u00e1nyz\u00e1s nem megengedett[\/vc_column_text][\/vc_column][\/vc_row]<\/p>\n<\/section>","protected":false},"excerpt":{"rendered":"<p>[vc_row][vc_column][vc_column_text] [\/vc_column_text][vc_column_text]Discover our hotel nestled within the enchanting historic bazaar, offering a truly unique experience. Located in the bustling city center, &#8230;<\/p>\n","protected":false},"author":1,"featured_media":0,"parent":2312,"menu_order":2,"comment_status":"closed","ping_status":"closed","template":"","meta":{"ngg_post_thumbnail":0,"footnotes":""},"class_list":["post-2281","page","type-page","status-publish","hentry"],"aioseo_notices":[],"_links":{"self":[{"href":"https:\/\/emporiumhotelistanbul.com\/hu\/wp-json\/wp\/v2\/pages\/2281","targetHints":{"allow":["GET"]}}],"collection":[{"href":"https:\/\/emporiumhotelistanbul.com\/hu\/wp-json\/wp\/v2\/pages"}],"about":[{"href":"https:\/\/emporiumhotelistanbul.com\/hu\/wp-json\/wp\/v2\/types\/page"}],"author":[{"embeddable":true,"href":"https:\/\/emporiumhotelistanbul.com\/hu\/wp-json\/wp\/v2\/users\/1"}],"replies":[{"embeddable":true,"href":"https:\/\/emporiumhotelistanbul.com\/hu\/wp-json\/wp\/v2\/comments?post=2281"}],"version-history":[{"count":2,"href":"https:\/\/emporiumhotelistanbul.com\/hu\/wp-json\/wp\/v2\/pages\/2281\/revisions"}],"predecessor-version":[{"id":2530,"href":"https:\/\/emporiumhotelistanbul.com\/hu\/wp-json\/wp\/v2\/pages\/2281\/revisions\/2530"}],"up":[{"embeddable":true,"href":"https:\/\/emporiumhotelistanbul.com\/hu\/wp-json\/wp\/v2\/pages\/2312"}],"wp:attachment":[{"href":"https:\/\/emporiumhotelistanbul.com\/hu\/wp-json\/wp\/v2\/media?parent=2281"}],"curies":[{"name":"wp","href":"https:\/\/api.w.org\/{rel}","templated":true}]}}