{"id":1640,"date":"2023-02-03T20:55:58","date_gmt":"2023-02-03T20:55:58","guid":{"rendered":"https:\/\/emporiumhotelistanbul.com\/about-us\/"},"modified":"2023-10-20T05:51:12","modified_gmt":"2023-10-20T05:51:12","slug":"about-us","status":"publish","type":"page","link":"https:\/\/emporiumhotelistanbul.com\/hu\/about-us\/","title":{"rendered":"R\u00d3LUNK"},"content":{"rendered":"<section class=\"wpb-content-wrapper\"><p>[vc_row][vc_column][vc_column_text]<\/p>\n<h4><strong>Menjen b\u00e1rhov\u00e1, sz\u00e1lljon meg az Emporium Hotel \u0130stanbulban<\/strong><\/h4>\n<p>\u00dcdv\u00f6z\u00f6lj\u00fck kit\u0171n\u0151 sz\u00e1llod\u00e1nkban, amely strat\u00e9giailag a vibr\u00e1l\u00f3 v\u00e1rosi t\u00f6rt\u00e9nelem sz\u00edv\u00e9ben helyezkedik el, l\u00e9legzetel\u00e1ll\u00edt\u00f3 panor\u00e1m\u00e1val az \u00f3v\u00e1rosra. Mer\u00fclj\u00f6n el a gazdag kultur\u00e1lis \u00f6r\u00f6ks\u00e9gben, mik\u00f6zben felfedezi a b\u00e1jos utc\u00e1kat, \u00e9s elmer\u00fcl a leny\u0171g\u00f6z\u0151 t\u00f6rt\u00e9nelmi eml\u00e9km\u0171vekben, amelyek mindegyike gyalogosan el\u00e9rhet\u0151 a k\u00fcsz\u00f6b\u00fcnkt\u0151l. Az Atat\u00fcrk rep\u00fcl\u0151t\u00e9rt\u0151l mind\u00f6ssze 15 kilom\u00e9terre fekv\u0151 sz\u00e1llod\u00e1nk t\u00f6k\u00e9letes kiindul\u00f3pontot k\u00edn\u00e1l mind a szabadid\u0151s, mind az \u00fczleti utaz\u00f3k sz\u00e1m\u00e1ra.<\/p>\n<p>Luxus sz\u00e1ll\u00e1sok az eml\u00e9kezetes tart\u00f3zkod\u00e1s\u00e9rt<\/p>\n<p>B\u00fcszk\u00e9k vagyunk arra, hogy 32 gy\u00f6ny\u00f6r\u0171en berendezett szob\u00e1t k\u00edn\u00e1lunk, amelyeket \u00fagy tervezt\u00fcnk, hogy minden ig\u00e9nyt kiel\u00e9g\u00edtsenek. V\u00e1lasszon a k\u00fcl\u00f6nb\u00f6z\u0151 lehet\u0151s\u00e9gek k\u00f6z\u00fcl, hogy megfeleljen az \u00d6n preferenci\u00e1inak \u00e9s csoportm\u00e9ret\u00e9nek. Szobav\u00e1laszt\u00e9kunk a k\u00f6vetkez\u0151ket tartalmazza:<\/p>\n<p>Standard egy\u00e1gyas szob\u00e1k (20 m\u00b2)<br \/>\nStandard k\u00e9t\u00e1gyas vagy k\u00e9t\u00e1gyas szob\u00e1k (22 m\u00b2)<br \/>\nDeluxe egy\u00e1gyas szob\u00e1k (28 m\u00b2)<br \/>\nDeluxe k\u00e9t\u00e1gyas vagy k\u00e9t\u00e1gyas szoba (30 m\u00b2)<br \/>\nDeluxe h\u00e1rom\u00e1gyas szob\u00e1k (32 m\u00b2)<br \/>\nDeluxe n\u00e9gy\u00e1gyasok (40 m\u00b2)<br \/>\nMinden szob\u00e1t gondosan az \u00d6n k\u00e9nyelm\u00e9t szem el\u0151tt tartva terveztek meg, \u00e9s modern \u00fczleti felszerelts\u00e9ggel l\u00e1ttak el. \u00c9lvezze a nagysebess\u00e9g\u0171 sz\u00e9less\u00e1v\u00fa internet-hozz\u00e1f\u00e9r\u00e9st, k\u00e9nyeztesse mag\u00e1t a luxus f\u00fcrd\u0151szobai felszerel\u00e9sekkel, \u00e9rt\u00e9keit pedig biztons\u00e1gban tarthatja a szobai sz\u00e9fben. A legmodernebb kommunik\u00e1ci\u00f3s \u00e9s sz\u00f3rakoztat\u00f3 berendez\u00e9seink gondoskodnak arr\u00f3l, hogy eg\u00e9sz tart\u00f3zkod\u00e1suk alatt kapcsolatban maradjanak \u00e9s sz\u00f3rakoztass\u00e1k \u00d6n\u00f6ket.<\/p>\n<p>Kiv\u00e1l\u00f3 \u00e9tkez\u00e9si \u00e9lm\u00e9nyek<\/p>\n<p>Kezdje a napot egy kellemes hangulat\u00fa reggelivel az Emporium reggeliz\u0151term\u00e9ben, ahol \u00ednycsikland\u00f3, nyitott b\u00fcf\u00e9 v\u00e1rja \u00d6nt. K\u00e9nyeztesse mag\u00e1t egy hagyom\u00e1nyos t\u00f6r\u00f6k reggelivel \u00e9s a finoms\u00e1gok sz\u00e9les v\u00e1laszt\u00e9k\u00e1val, amelyeket gondosan \u00f6ssze\u00e1ll\u00edtottak, hogy \u00edzl\u00e9s\u00e9t kiel\u00e9g\u00edts\u00e9k. Felh\u00edvjuk figyelm\u00e9t, hogy sz\u00e1llod\u00e1nk ter\u00fclet\u00e9n nem \u00e1rus\u00edtunk alkoholtartalm\u00fa italokat, \u00edgy biztos\u00edtva a nyugodt \u00e9s csendes l\u00e9gk\u00f6rt tisztelt vend\u00e9geink sz\u00e1m\u00e1ra.<\/p>\n<p>Felejthetetlen esem\u00e9nyek \u00e9s \u00f6sszej\u00f6vetelek<\/p>\n<p>B\u00e1r az Emporium Hotelben nem biztos\u00edtunk t\u00e1rgyal\u00f3- \u00e9s konferenciatermet, kiv\u00e1l\u00f3an alkalmasak vagyunk a pihen\u00e9st \u00e9s a felfriss\u00fcl\u00e9st el\u0151seg\u00edt\u0151 k\u00f6rnyezet megteremt\u00e9s\u00e9re. Ak\u00e1r egy nyugodt menek\u00fcl\u00e9sre v\u00e1gyik, ak\u00e1r a minket k\u00f6r\u00fclvev\u0151 t\u00f6rt\u00e9nelmi csod\u00e1kat szeretn\u00e9 felfedezni, elk\u00f6telezett szem\u00e9lyzet\u00fcnk mindig k\u00e9szs\u00e9ggel \u00e1ll rendelkez\u00e9s\u00e9re, hogy b\u00e1rmilyen k\u00e9rd\u00e9ssel vagy aj\u00e1nl\u00e1ssal seg\u00edtsen \u00d6nnek, hogy tart\u00f3zkod\u00e1sa igaz\u00e1n figyelemre m\u00e9lt\u00f3 legyen.<\/p>\n<p>Foglalja le v\u00e1rosi elvonul\u00e1s\u00e1t m\u00e9g ma<\/p>\n<p>Menek\u00fclj\u00f6n a h\u00e9tk\u00f6znapokb\u00f3l, \u00e9s mer\u00fclj\u00f6n el az elegancia \u00e9s a k\u00e9nyelem vil\u00e1g\u00e1ban el\u0151kel\u0151 sz\u00e1llod\u00e1nkban. Tapasztalja meg a kort\u00e1rs luxus \u00e9s a t\u00f6rt\u00e9nelmi b\u00e1j t\u00f6k\u00e9letes kever\u00e9k\u00e9t, mik\u00f6zben felfedezi a var\u00e1zslatos \u00f3v\u00e1rost. Foglaljon sz\u00e1ll\u00e1st n\u00e1lunk m\u00e9g ma, \u00e9s hagyja, hogy felejthetetlen \u00e9lm\u00e9nyt ny\u00fajtsunk \u00d6nnek, amely \u00e9vekig meg\u0151rz\u00f6tt eml\u00e9keket hagy maga ut\u00e1n.[\/vc_column_text][\/vc_column][\/vc_row]<\/p>\n<\/section>","protected":false},"excerpt":{"rendered":"<p>[vc_row][vc_column][vc_column_text] Menjen b\u00e1rhov\u00e1, sz\u00e1lljon meg az Emporium Hotel \u0130stanbulban \u00dcdv\u00f6z\u00f6lj\u00fck kit\u0171n\u0151 sz\u00e1llod\u00e1nkban, amely strat\u00e9giailag a vibr\u00e1l\u00f3 v\u00e1rosi t\u00f6rt\u00e9nelem sz\u00edv\u00e9ben helyezkedik el, &#8230;<\/p>\n","protected":false},"author":1,"featured_media":0,"parent":0,"menu_order":0,"comment_status":"closed","ping_status":"closed","template":"","meta":{"ngg_post_thumbnail":0,"footnotes":""},"class_list":["post-1640","page","type-page","status-publish","hentry"],"aioseo_notices":[],"_links":{"self":[{"href":"https:\/\/emporiumhotelistanbul.com\/hu\/wp-json\/wp\/v2\/pages\/1640","targetHints":{"allow":["GET"]}}],"collection":[{"href":"https:\/\/emporiumhotelistanbul.com\/hu\/wp-json\/wp\/v2\/pages"}],"about":[{"href":"https:\/\/emporiumhotelistanbul.com\/hu\/wp-json\/wp\/v2\/types\/page"}],"author":[{"embeddable":true,"href":"https:\/\/emporiumhotelistanbul.com\/hu\/wp-json\/wp\/v2\/users\/1"}],"replies":[{"embeddable":true,"href":"https:\/\/emporiumhotelistanbul.com\/hu\/wp-json\/wp\/v2\/comments?post=1640"}],"version-history":[{"count":3,"href":"https:\/\/emporiumhotelistanbul.com\/hu\/wp-json\/wp\/v2\/pages\/1640\/revisions"}],"predecessor-version":[{"id":2673,"href":"https:\/\/emporiumhotelistanbul.com\/hu\/wp-json\/wp\/v2\/pages\/1640\/revisions\/2673"}],"wp:attachment":[{"href":"https:\/\/emporiumhotelistanbul.com\/hu\/wp-json\/wp\/v2\/media?parent=1640"}],"curies":[{"name":"wp","href":"https:\/\/api.w.org\/{rel}","templated":true}]}}