{"id":2263,"date":"2023-02-03T20:59:17","date_gmt":"2023-02-03T20:59:17","guid":{"rendered":"https:\/\/emporiumhotelistanbul.com\/standart-single-room\/"},"modified":"2023-10-18T12:05:34","modified_gmt":"2023-10-18T12:05:34","slug":"standart-single-room","status":"publish","type":"page","link":"https:\/\/emporiumhotelistanbul.com\/de\/rooms\/standart-single-room\/","title":{"rendered":"Standart Einzelzimmer"},"content":{"rendered":"<section class=\"wpb-content-wrapper\"><p>[vc_row][vc_column][vc_column_text]<\/p>\n<div class=\"inner-post-wrap\">\n<h2 class=\"room-price accent-color\"><span style=\"font-size: 16px;\">\n\t\t\t<!-- START standart_single REVOLUTION SLIDER 6.6.18 --><p class=\"rs-p-wp-fix\"><\/p>\n\t\t\t<rs-module-wrap id=\"rev_slider_4_1_wrapper\" data-source=\"gallery\" style=\"visibility:hidden;background:#171717;padding:0;margin:0px auto;margin-top:0;margin-bottom:0;\">\n\t\t\t\t<rs-module id=\"rev_slider_4_1\" style=\"\" data-version=\"6.6.18\">\n\t\t\t\t\t<rs-slides style=\"overflow: hidden; position: absolute;\">\n\t\t\t\t\t\t<rs-slide style=\"position: absolute;\" data-key=\"rs-21\" data-title=\"Slide\" data-in=\"o:0;\" data-out=\"a:false;\">\n\t\t\t\t\t\t\t<img decoding=\"async\" src=\"\/\/emporiumhotelistanbul.com\/wp-content\/plugins\/revslider\/public\/assets\/assets\/dummy.png\" alt=\"Slide\" title=\"Standart Einzelzimmer\" class=\"rev-slidebg tp-rs-img rs-lazyload\" data-lazyload=\"\/\/emporiumhotelistanbul.com\/wp-content\/plugins\/revslider\/public\/assets\/assets\/transparent.png\" data-parallax=\"off\" data-no-retina>\n<!--\n\t\t\t\t\t\t\t--><rs-layer\n\t\t\t\t\t\t\t\tid=\"slider-4-slide-21-layer-2\" \n\t\t\t\t\t\t\t\tdata-type=\"image\"\n\t\t\t\t\t\t\t\tdata-rsp_ch=\"on\"\n\t\t\t\t\t\t\t\tdata-xy=\"x:c;y:m;\"\n\t\t\t\t\t\t\t\tdata-text=\"w:normal;s:20,20,20,7;l:0,0,0,9;\"\n\t\t\t\t\t\t\t\tdata-dim=\"w:1214px,1214px,1214px,497px;h:810px,810px,810px,331px;\"\n\t\t\t\t\t\t\t\tdata-frame_999=\"o:0;st:w;\"\n\t\t\t\t\t\t\t\tstyle=\"z-index:5;\"\n\t\t\t\t\t\t\t><img decoding=\"async\" src=\"\/\/emporiumhotelistanbul.com\/wp-content\/plugins\/revslider\/public\/assets\/assets\/dummy.png\" alt=\"\" class=\"tp-rs-img rs-lazyload\" width=\"1024\" height=\"683\" data-lazyload=\"\/\/emporiumhotelistanbul.com\/wp-content\/uploads\/2023\/06\/resim1.jpg\" data-no-retina> \n\t\t\t\t\t\t\t<\/rs-layer><!--\n-->\t\t\t\t\t\t<\/rs-slide>\n\t\t\t\t\t\t<rs-slide style=\"position: absolute;\" data-key=\"rs-15\" data-title=\"Slide\" data-thumb=\"\/\/emporiumhotelistanbul.com\/wp-content\/uploads\/2023\/06\/resim_2-1-100x50.jpg\" data-in=\"o:0;\" data-out=\"a:false;\">\n\t\t\t\t\t\t\t<img decoding=\"async\" src=\"\/\/emporiumhotelistanbul.com\/wp-content\/plugins\/revslider\/public\/assets\/assets\/dummy.png\" alt=\"\" title=\"Standart Einzelzimmer\" class=\"rev-slidebg tp-rs-img rs-lazyload\" data-lazyload=\"\/\/emporiumhotelistanbul.com\/wp-content\/uploads\/2023\/06\/resim_2-1.jpg\" data-parallax=\"off\" data-no-retina>\n<!---->\t\t\t\t\t\t<\/rs-slide>\n\t\t\t\t\t\t<rs-slide style=\"position: absolute;\" data-key=\"rs-16\" data-title=\"Slide\" data-thumb=\"\/\/emporiumhotelistanbul.com\/wp-content\/uploads\/2023\/06\/resim_3-1-100x50.jpg\" data-in=\"o:0;\" data-out=\"a:false;\">\n\t\t\t\t\t\t\t<img decoding=\"async\" src=\"\/\/emporiumhotelistanbul.com\/wp-content\/plugins\/revslider\/public\/assets\/assets\/dummy.png\" alt=\"\" title=\"Standart Einzelzimmer\" class=\"rev-slidebg tp-rs-img rs-lazyload\" data-lazyload=\"\/\/emporiumhotelistanbul.com\/wp-content\/uploads\/2023\/06\/resim_3-1.jpg\" data-parallax=\"off\" data-no-retina>\n<!---->\t\t\t\t\t\t<\/rs-slide>\n\t\t\t\t\t\t<rs-slide style=\"position: absolute;\" data-key=\"rs-19\" data-title=\"Slide\" data-in=\"o:0;\" data-out=\"a:false;\">\n\t\t\t\t\t\t\t<img decoding=\"async\" src=\"\/\/emporiumhotelistanbul.com\/wp-content\/plugins\/revslider\/public\/assets\/assets\/dummy.png\" alt=\"Slide\" title=\"Standart Einzelzimmer\" class=\"rev-slidebg tp-rs-img rs-lazyload\" data-lazyload=\"\/\/emporiumhotelistanbul.com\/wp-content\/plugins\/revslider\/public\/assets\/assets\/transparent.png\" data-parallax=\"off\" data-no-retina>\n<!--\n\t\t\t\t\t\t\t--><rs-layer\n\t\t\t\t\t\t\t\tid=\"slider-4-slide-19-layer-0\" \n\t\t\t\t\t\t\t\tdata-type=\"image\"\n\t\t\t\t\t\t\t\tdata-rsp_ch=\"on\"\n\t\t\t\t\t\t\t\tdata-xy=\"x:c;y:m;\"\n\t\t\t\t\t\t\t\tdata-text=\"w:normal;s:20,20,20,7;l:0,0,0,9;\"\n\t\t\t\t\t\t\t\tdata-dim=\"w:513px,513px,513px,209px;h:768px,768px,768px,314px;\"\n\t\t\t\t\t\t\t\tdata-frame_999=\"o:0;st:w;\"\n\t\t\t\t\t\t\t\tstyle=\"z-index:5;\"\n\t\t\t\t\t\t\t><img decoding=\"async\" src=\"\/\/emporiumhotelistanbul.com\/wp-content\/plugins\/revslider\/public\/assets\/assets\/dummy.png\" alt=\"\" class=\"tp-rs-img rs-lazyload\" width=\"513\" height=\"768\" data-lazyload=\"\/\/emporiumhotelistanbul.com\/wp-content\/uploads\/2023\/06\/resim_4-1.jpg\" data-no-retina> \n\t\t\t\t\t\t\t<\/rs-layer><!--\n-->\t\t\t\t\t\t<\/rs-slide>\n\t\t\t\t\t\t<rs-slide style=\"position: absolute;\" data-key=\"rs-20\" data-title=\"Slide\" data-in=\"o:0;\" data-out=\"a:false;\">\n\t\t\t\t\t\t\t<img decoding=\"async\" src=\"\/\/emporiumhotelistanbul.com\/wp-content\/plugins\/revslider\/public\/assets\/assets\/dummy.png\" alt=\"Slide\" title=\"Standart Einzelzimmer\" class=\"rev-slidebg tp-rs-img rs-lazyload\" data-lazyload=\"\/\/emporiumhotelistanbul.com\/wp-content\/plugins\/revslider\/public\/assets\/assets\/transparent.png\" data-parallax=\"off\" data-no-retina>\n<!--\n\t\t\t\t\t\t\t--><rs-layer\n\t\t\t\t\t\t\t\tid=\"slider-4-slide-20-layer-1\" \n\t\t\t\t\t\t\t\tdata-type=\"image\"\n\t\t\t\t\t\t\t\tdata-rsp_ch=\"on\"\n\t\t\t\t\t\t\t\tdata-xy=\"x:c;y:m;\"\n\t\t\t\t\t\t\t\tdata-text=\"w:normal;s:20,20,20,7;l:0,0,0,9;\"\n\t\t\t\t\t\t\t\tdata-dim=\"w:1176px,1176px,1176px,481px;h:830px,830px,830px,339px;\"\n\t\t\t\t\t\t\t\tdata-frame_999=\"o:0;st:w;\"\n\t\t\t\t\t\t\t\tstyle=\"z-index:5;\"\n\t\t\t\t\t\t\t><img decoding=\"async\" src=\"\/\/emporiumhotelistanbul.com\/wp-content\/plugins\/revslider\/public\/assets\/assets\/dummy.png\" alt=\"\" class=\"tp-rs-img rs-lazyload\" width=\"1024\" height=\"723\" data-lazyload=\"\/\/emporiumhotelistanbul.com\/wp-content\/uploads\/2023\/06\/resim5-1.jpg\" data-no-retina> \n\t\t\t\t\t\t\t<\/rs-layer><!--\n-->\t\t\t\t\t\t<\/rs-slide>\n\t\t\t\t\t<\/rs-slides>\n\t\t\t\t<\/rs-module>\n\t\t\t\t<script>\n\t\t\t\t\tsetREVStartSize({c: 'rev_slider_4_1',rl:[1240,1240,1240,480],el:[650,650,650,720],gw:[1170,1170,1170,480],gh:[650,650,650,720],type:'standard',justify:'',layout:'fullwidth',mh:\"0\"});if (window.RS_MODULES!==undefined && window.RS_MODULES.modules!==undefined && window.RS_MODULES.modules[\"revslider41\"]!==undefined) {window.RS_MODULES.modules[\"revslider41\"].once = false;window.revapi4 = undefined;if (window.RS_MODULES.checkMinimal!==undefined) window.RS_MODULES.checkMinimal()}\n\t\t\t\t<\/script>\n\t\t\t<\/rs-module-wrap>\n\t\t\t<!-- END REVOLUTION SLIDER -->\n<\/span><\/h2>\n<\/div>\n<p>[\/vc_column_text][vc_column_text]Entdecken Sie unser Hotel, das inmitten des bezaubernden historischen Basars liegt und ein wirklich einzigartiges Erlebnis bietet. Mitten im pulsierenden Stadtzentrum gelegen, bieten wir Ihnen einen au\u00dfergew\u00f6hnlichen Service von h\u00f6chster Qualit\u00e4t. Tauchen Sie ein in die fesselnde Atmosph\u00e4re unseres historischen Ortes, wo jede Ecke eine Geschichte erz\u00e4hlt. Dank der g\u00fcnstigen Verkehrsanbindung ist die Erkundung der Stadt ein Kinderspiel. Treten Sie ein in unsere gut ausgestatteten Zimmer, die f\u00fcr Ihren ultimativen Komfort und Ihre Entspannung konzipiert sind. Erleben Sie die perfekte Mischung aus modernem Komfort und zeitlosem Charme. Ganz gleich, ob Sie gesch\u00e4ftlich oder privat hier sind, unser Hotel bietet Ihnen einen unvergleichlichen Aufenthalt, der Ihnen ein unvergessliches und erf\u00fcllendes Erlebnis im Herzen der Stadt garantiert.[\/vc_column_text][vc_btn title=&#8221;JETZT BUCHEN&#8221; style=&#8221;3d&#8221; shape=&#8221;round&#8221; size=&#8221;lg&#8221; align=&#8221;center&#8221; i_icon_fontawesome=&#8221;fas fa-arrow-circle-right&#8221; button_block=&#8221;true&#8221; add_icon=&#8221;true&#8221; link=&#8221;url:https%3A%2F%2Femporiumhotelistanbul.istbooking.com%2Fen-US%3Fsr%3D1%26ng%3D%26ro%3D%26ad%3D%26ci%3D|target:_blank&#8221;][\/vc_column][\/vc_row][vc_row][vc_column width=&#8221;2\/3&#8243;][vc_column_text]<\/p>\n<h3>Zimmerservice<\/h3>\n<p>[\/vc_column_text][vc_row_inner][vc_column_inner width=&#8221;1\/2&#8243;][vc_column_text]<img loading=\"lazy\" decoding=\"async\" class=\"alignnone size-full wp-image-4904\" src=\"https:\/\/emporiumhotelistanbul.com\/wp-content\/uploads\/2023\/06\/food-service.png\" alt=\"\" width=\"24\" height=\"24\">&nbsp; Zimmerservice<\/p>\n<hr>\n<p><img loading=\"lazy\" decoding=\"async\" class=\"alignnone size-full wp-image-4903\" src=\"https:\/\/emporiumhotelistanbul.com\/wp-content\/uploads\/2023\/06\/hairdryer-1.png\" alt=\"\" width=\"24\" height=\"24\">&nbsp; Haartrockner<\/p>\n<hr>\n<p><img loading=\"lazy\" decoding=\"async\" class=\"alignnone size-full wp-image-4905\" src=\"https:\/\/emporiumhotelistanbul.com\/wp-content\/uploads\/2023\/06\/watch-tv.png\" alt=\"\" width=\"24\" height=\"24\">&nbsp; SMART-TV<\/p>\n<hr>\n<p><img loading=\"lazy\" decoding=\"async\" class=\"alignnone size-full wp-image-4906\" src=\"https:\/\/emporiumhotelistanbul.com\/wp-content\/uploads\/2023\/06\/shower.png\" alt=\"\" width=\"24\" height=\"24\">&nbsp; Eigenes Bad &amp; Toilette<\/p>\n<hr>\n<p><img loading=\"lazy\" decoding=\"async\" class=\"alignnone size-full wp-image-4907\" src=\"https:\/\/emporiumhotelistanbul.com\/wp-content\/uploads\/2023\/06\/cot.png\" alt=\"\" width=\"24\" height=\"24\">&nbsp; Babybett m\u00f6glich<\/p>\n<hr>\n<p><img loading=\"lazy\" decoding=\"async\" class=\"alignnone size-full wp-image-4908\" src=\"https:\/\/emporiumhotelistanbul.com\/wp-content\/uploads\/2023\/06\/washing-machine.png\" alt=\"\" width=\"24\" height=\"24\">&nbsp; W\u00e4scheservice<\/p>\n<hr>\n<p><img loading=\"lazy\" decoding=\"async\" class=\"alignnone size-full wp-image-4909\" src=\"https:\/\/emporiumhotelistanbul.com\/wp-content\/uploads\/2023\/06\/minibar.png\" alt=\"\" width=\"24\" height=\"24\">&nbsp; Minibar<\/p>\n<hr>\n<p><img loading=\"lazy\" decoding=\"async\" class=\"alignnone size-full wp-image-4910\" src=\"https:\/\/emporiumhotelistanbul.com\/wp-content\/uploads\/2023\/06\/satellite.png\" alt=\"\" width=\"24\" height=\"24\">&nbsp; Satellitenkan\u00e4le<\/p>\n<hr>\n<p>[\/vc_column_text][\/vc_column_inner][vc_column_inner width=&#8221;1\/2&#8243;][vc_column_text]<img loading=\"lazy\" decoding=\"async\" class=\"alignnone size-full wp-image-4911\" src=\"https:\/\/emporiumhotelistanbul.com\/wp-content\/uploads\/2023\/06\/wifi.png\" alt=\"\" width=\"24\" height=\"24\"> Kostenloses Wi-Fi<\/p>\n<hr>\n<p><img loading=\"lazy\" decoding=\"async\" class=\"alignnone size-full wp-image-4912\" src=\"https:\/\/emporiumhotelistanbul.com\/wp-content\/uploads\/2023\/06\/slipper.png\" alt=\"\" width=\"24\" height=\"24\"> Hausschuhe<\/p>\n<hr>\n<p><img loading=\"lazy\" decoding=\"async\" class=\"alignnone size-full wp-image-4913\" src=\"https:\/\/emporiumhotelistanbul.com\/wp-content\/uploads\/2023\/06\/tea-cup.png\" alt=\"\" width=\"24\" height=\"24\"> Tee und Kaffee gratis<\/p>\n<hr>\n<p><img loading=\"lazy\" decoding=\"async\" class=\"alignnone size-full wp-image-4921\" src=\"https:\/\/emporiumhotelistanbul.com\/wp-content\/uploads\/2023\/06\/water.png\" alt=\"\" width=\"24\" height=\"24\"> Kostenlose Flasche Wasser<\/p>\n<hr>\n<p><img loading=\"lazy\" decoding=\"async\" class=\"alignnone size-full wp-image-4914\" src=\"https:\/\/emporiumhotelistanbul.com\/wp-content\/uploads\/2023\/06\/air-conditioner.png\" alt=\"\" width=\"24\" height=\"24\"> Klimaanlage<\/p>\n<hr>\n<p><img loading=\"lazy\" decoding=\"async\" class=\"alignnone size-full wp-image-4915\" src=\"https:\/\/emporiumhotelistanbul.com\/wp-content\/uploads\/2023\/06\/safe-box.png\" alt=\"\" width=\"24\" height=\"24\"> Schlie\u00dffach im Zimmer<\/p>\n<hr>\n<p><img loading=\"lazy\" decoding=\"async\" class=\"alignnone size-full wp-image-4916\" src=\"https:\/\/emporiumhotelistanbul.com\/wp-content\/uploads\/2023\/06\/old-typical-phone.png\" alt=\"\" width=\"24\" height=\"24\"> Direktwahltelefon<\/p>\n<hr>\n<p><img loading=\"lazy\" decoding=\"async\" class=\"alignnone size-full wp-image-4918\" src=\"https:\/\/emporiumhotelistanbul.com\/wp-content\/uploads\/2023\/06\/kettle-1.png\" alt=\"\" width=\"24\" height=\"24\"> Wasserkocher<\/p>\n<hr>\n<p>[\/vc_column_text][\/vc_column_inner][\/vc_row_inner][vc_separator][\/vc_column][vc_column width=&#8221;1\/3&#8243;][vc_column_text]<\/p>\n<h3>Raumordnung<\/h3>\n<p>[\/vc_column_text][vc_column_text]\u2013 Einchecken: Nach 14:00 Uhr<br \/>\n\u2013 Auschecken: 12:00 Uhr<br \/>\n&#8211; Haustiere sind nicht erlaubt<\/p>\n<p><img loading=\"lazy\" decoding=\"async\" class=\"alignnone size-full wp-image-4920\" src=\"https:\/\/emporiumhotelistanbul.com\/wp-content\/uploads\/2023\/06\/no-smoking.png\" alt=\"\" width=\"24\" height=\"24\"> Rauchen ist nicht Erlaubt[\/vc_column_text][\/vc_column][\/vc_row]<\/p>\n<\/section>","protected":false},"excerpt":{"rendered":"<p>[vc_row][vc_column][vc_column_text] [\/vc_column_text][vc_column_text]Entdecken Sie unser Hotel, das inmitten des bezaubernden historischen Basars liegt und ein wirklich einzigartiges Erlebnis bietet. Mitten im pulsierenden &#8230;<\/p>\n","protected":false},"author":1,"featured_media":0,"parent":2311,"menu_order":0,"comment_status":"closed","ping_status":"closed","template":"","meta":{"ngg_post_thumbnail":0,"footnotes":""},"class_list":["post-2263","page","type-page","status-publish","hentry"],"aioseo_notices":[],"_links":{"self":[{"href":"https:\/\/emporiumhotelistanbul.com\/de\/wp-json\/wp\/v2\/pages\/2263","targetHints":{"allow":["GET"]}}],"collection":[{"href":"https:\/\/emporiumhotelistanbul.com\/de\/wp-json\/wp\/v2\/pages"}],"about":[{"href":"https:\/\/emporiumhotelistanbul.com\/de\/wp-json\/wp\/v2\/types\/page"}],"author":[{"embeddable":true,"href":"https:\/\/emporiumhotelistanbul.com\/de\/wp-json\/wp\/v2\/users\/1"}],"replies":[{"embeddable":true,"href":"https:\/\/emporiumhotelistanbul.com\/de\/wp-json\/wp\/v2\/comments?post=2263"}],"version-history":[{"count":5,"href":"https:\/\/emporiumhotelistanbul.com\/de\/wp-json\/wp\/v2\/pages\/2263\/revisions"}],"predecessor-version":[{"id":2510,"href":"https:\/\/emporiumhotelistanbul.com\/de\/wp-json\/wp\/v2\/pages\/2263\/revisions\/2510"}],"up":[{"embeddable":true,"href":"https:\/\/emporiumhotelistanbul.com\/de\/wp-json\/wp\/v2\/pages\/2311"}],"wp:attachment":[{"href":"https:\/\/emporiumhotelistanbul.com\/de\/wp-json\/wp\/v2\/media?parent=2263"}],"curies":[{"name":"wp","href":"https:\/\/api.w.org\/{rel}","templated":true}]}}